
{"id":10580,"date":"2025-06-01T22:39:39","date_gmt":"2025-06-01T15:39:39","guid":{"rendered":"https:\/\/xediendungphung.com\/?post_type=product&#038;p=10580"},"modified":"2026-01-20T12:43:05","modified_gmt":"2026-01-20T05:43:05","slug":"jvc-g9s-nfc","status":"publish","type":"product","link":"https:\/\/xediendungphung.com\/en\/product\/jvc-g9s-nfc\/","title":{"rendered":"XE \u0110I\u1ec6N JVC G9S NFC"},"content":{"rendered":"<p><a href=\"https:\/\/xediendungphung.com\/wp-content\/uploads\/2025\/06\/jvc-g9s-nfc-1.jpg\"><img fetchpriority=\"high\" decoding=\"async\" class=\"aligncenter wp-image-11007 size-full\" src=\"https:\/\/xediendungphung.com\/wp-content\/uploads\/2025\/06\/jvc-g9s-nfc-1.jpg\" alt=\"\" width=\"586\" height=\"399\" srcset=\"https:\/\/xediendungphung.com\/wp-content\/uploads\/2025\/06\/jvc-g9s-nfc-1.jpg 586w, https:\/\/xediendungphung.com\/wp-content\/uploads\/2025\/06\/jvc-g9s-nfc-1-300x204.jpg 300w, https:\/\/xediendungphung.com\/wp-content\/uploads\/2025\/06\/jvc-g9s-nfc-1-450x306.jpg 450w\" sizes=\"(max-width: 586px) 100vw, 586px\" \/><\/a><\/p>\n<p style=\"text-align: center;\"><strong><span style=\"font-size: 36pt;\">JVC G9S NFC<\/span><\/strong><\/p>\n<p>JVC G9S NFC \u0111\u01b0\u1ee3c t\u00edch h\u1ee3p c\u00f4ng ngh\u1ec7 NFC, \u0111\u00f3ng m\u1edf kho\u00e1 xe ch\u1ec9 v\u1edbi \u201d 1 CH\u1ea0M NH\u1eb8\u201d. B\u1ed9 tem m\u1edbi thi\u1ebft k\u1ebf th\u1eddi trang, c\u00e1 t\u00ednh \u0111em t\u1edbi s\u1ef1 t\u1ef1 tin cho ng\u01b0\u1eddi l\u00e1i. \u0110\u1eb7c bi\u1ec7t, JVC G9S NFC \u0111\u01b0\u1ee3c thi\u1ebft k\u1ebf v\u1edbi 7 m\u00e0u gi\u00fap b\u1ea1n c\u00f3 th\u1ec3 d\u1ec5 d\u00e0ng l\u1ef1a ch\u1ecdn m\u00e0u xe m\u00e0 b\u1ea1n y\u00eau th\u00edch: X\u00e1m xi m\u0103ng, h\u1ed3ng begie, x\u00e1m b\u00f3ng, \u0111\u1ecf anh \u0111\u00e0o, tr\u1eafng ng\u1ecdc trai, xanh r\u00eau, \u0111en b\u00f3ng.<\/p>\n<p>&nbsp;<\/p>\n<p><a href=\"https:\/\/xediendungphung.com\/wp-content\/uploads\/2025\/06\/jvc-g9s-nfc-3-02.jpg\"><img decoding=\"async\" class=\"aligncenter wp-image-11005 size-full\" src=\"https:\/\/xediendungphung.com\/wp-content\/uploads\/2025\/06\/jvc-g9s-nfc-3-02.jpg\" alt=\"\" width=\"1083\" height=\"404\" srcset=\"https:\/\/xediendungphung.com\/wp-content\/uploads\/2025\/06\/jvc-g9s-nfc-3-02.jpg 1083w, https:\/\/xediendungphung.com\/wp-content\/uploads\/2025\/06\/jvc-g9s-nfc-3-02-300x112.jpg 300w, https:\/\/xediendungphung.com\/wp-content\/uploads\/2025\/06\/jvc-g9s-nfc-3-02-1024x382.jpg 1024w, https:\/\/xediendungphung.com\/wp-content\/uploads\/2025\/06\/jvc-g9s-nfc-3-02-768x286.jpg 768w, https:\/\/xediendungphung.com\/wp-content\/uploads\/2025\/06\/jvc-g9s-nfc-3-02-450x168.jpg 450w, https:\/\/xediendungphung.com\/wp-content\/uploads\/2025\/06\/jvc-g9s-nfc-3-02-800x298.jpg 800w\" sizes=\"(max-width: 1083px) 100vw, 1083px\" \/><\/a><\/p>\n<p style=\"text-align: center;\"><span style=\"font-size: 36pt;\"><strong>\u0110\u1eb6C \u0110I\u1ec2M<\/strong><\/span><\/p>\n<p>\ud83d\udc49 \u0110\u1ed3ng h\u1ed3 m\u00e0n h\u00ecnh LCD \u2013 NFC c\u00f3 th\u1ebb t\u1eeb hi\u1ec3n th\u1ecb s\u1eafc n\u00e9t<\/p>\n<p>\ud83d\udc49 Tay ga \u2013 c\u1ee5m c\u00f4ng t\u1eafc : m\u1eabu m\u1edbi \u0111\u1eb9p h\u01a1n<\/p>\n<p>\ud83d\udc49 T\u00edch h\u1ee3p c\u1ed5ng s\u1ea1c USB v\u1eeba \u0111i v\u1eeba s\u1ea1c<\/p>\n<p>\ud83d\udc49 Gi\u1ea3m s\u00f3c tr\u01b0\u1edbc ch\u1ea5t l\u01b0\u1ee3ng t\u1ed1t h\u01a1n , khu\u00f4n ch\u1eef Sport \u0111\u00fac n\u1ed5i th\u1eddi trang<\/p>\n<p>\ud83d\udc49 Gi\u1ea3m s\u00f3c sau : n\u00e2ng c\u1ea5p ch\u1ea5t l\u01b0\u1ee3ng, d\u1ea5u \u1ea5n logo \u0111\u00fac n\u1ed5i tr\u00ean gi\u1ea3m s\u00f3c<\/p>\n<p>\ud83d\udc49 \u0110\u00f9i nh\u00f4m c\u1ea3i ti\u1ebfn ng\u1eafn h\u01a1n t\u1eeb 140 th\u00e0nh 110 gi\u00fap xe \u0111i c\u00e1c \u0111\u1ecba h\u00ecnh x\u1ea5u g\u1ed3 gh\u1ec1 kh\u00f4ng b\u1ecb ch\u1ea1m \u0111\u00f9i<\/p>\n<p>\ud83d\udc49 Thi\u1ebft k\u1ebf 2 \u0111\u00e8n led trang tr\u00ed ph\u00eda \u0111u\u00f4i xe c\u00e1 t\u00ednh<\/p>\n<p>\ud83d\udc49 Y\u00ean sau k\u00edch th\u01b0\u1edbc to h\u01a1n d\u00f2ng xe c\u00f9ng lo\u1ea1i gi\u00fap ng\u1ed3i tho\u1ea3i m\u00e1i h\u01a1n<\/p>\n<p>&nbsp;<\/p>\n<p style=\"text-align: center;\"><strong><span style=\"font-size: 12pt;\">\u0110\u1ed2NG H\u1ed2 HI\u1ec2N TH\u1eca S\u1eaeC N\u00c9T<\/span><\/strong><\/p>\n<p>&nbsp;<\/p>\n<p><a href=\"https:\/\/xediendungphung.com\/wp-content\/uploads\/2025\/06\/jvc-g9s-nfc-13-03.jpg\"><img decoding=\"async\" class=\"aligncenter wp-image-11003 size-medium\" src=\"https:\/\/xediendungphung.com\/wp-content\/uploads\/2025\/06\/jvc-g9s-nfc-13-03-300x200.jpg\" alt=\"\" width=\"300\" height=\"200\" srcset=\"https:\/\/xediendungphung.com\/wp-content\/uploads\/2025\/06\/jvc-g9s-nfc-13-03-300x200.jpg 300w, https:\/\/xediendungphung.com\/wp-content\/uploads\/2025\/06\/jvc-g9s-nfc-13-03-768x512.jpg 768w, https:\/\/xediendungphung.com\/wp-content\/uploads\/2025\/06\/jvc-g9s-nfc-13-03-450x300.jpg 450w, https:\/\/xediendungphung.com\/wp-content\/uploads\/2025\/06\/jvc-g9s-nfc-13-03-800x534.jpg 800w, https:\/\/xediendungphung.com\/wp-content\/uploads\/2025\/06\/jvc-g9s-nfc-13-03.jpg 901w\" sizes=\"(max-width: 300px) 100vw, 300px\" \/><\/a><\/p>\n<p>&nbsp;<\/p>\n<p style=\"text-align: center;\"><strong>\u0110\u1ea6U XE THI\u1ebeT K\u1ebe NH\u1ece G\u1eccN<\/strong><\/p>\n<p>&nbsp;<\/p>\n<p style=\"text-align: center;\"><a href=\"https:\/\/xediendungphung.com\/wp-content\/uploads\/2025\/06\/jvc-g9s-nfc-8-04.jpg\"><img loading=\"lazy\" decoding=\"async\" class=\"aligncenter wp-image-11001 size-medium\" src=\"https:\/\/xediendungphung.com\/wp-content\/uploads\/2025\/06\/jvc-g9s-nfc-8-04-300x200.jpg\" alt=\"\" width=\"300\" height=\"200\" srcset=\"https:\/\/xediendungphung.com\/wp-content\/uploads\/2025\/06\/jvc-g9s-nfc-8-04-300x200.jpg 300w, https:\/\/xediendungphung.com\/wp-content\/uploads\/2025\/06\/jvc-g9s-nfc-8-04-768x512.jpg 768w, https:\/\/xediendungphung.com\/wp-content\/uploads\/2025\/06\/jvc-g9s-nfc-8-04-450x300.jpg 450w, https:\/\/xediendungphung.com\/wp-content\/uploads\/2025\/06\/jvc-g9s-nfc-8-04-800x534.jpg 800w, https:\/\/xediendungphung.com\/wp-content\/uploads\/2025\/06\/jvc-g9s-nfc-8-04.jpg 901w\" sizes=\"(max-width: 300px) 100vw, 300px\" \/><\/a><\/p>\n<p style=\"text-align: center;\"><strong>B\u00c0N \u0110\u1ea0P H\u1ed6 TR\u1ee2 DI CHUY\u1ec2N<\/strong><\/p>\n<p>&nbsp;<\/p>\n<p style=\"text-align: center;\"><a href=\"https:\/\/xediendungphung.com\/wp-content\/uploads\/2025\/06\/jvc-g9s-nfc-10-05.jpg\"><img loading=\"lazy\" decoding=\"async\" class=\"aligncenter wp-image-10999 size-medium\" src=\"https:\/\/xediendungphung.com\/wp-content\/uploads\/2025\/06\/jvc-g9s-nfc-10-05-300x200.jpg\" alt=\"\" width=\"300\" height=\"200\" srcset=\"https:\/\/xediendungphung.com\/wp-content\/uploads\/2025\/06\/jvc-g9s-nfc-10-05-300x200.jpg 300w, https:\/\/xediendungphung.com\/wp-content\/uploads\/2025\/06\/jvc-g9s-nfc-10-05-768x512.jpg 768w, https:\/\/xediendungphung.com\/wp-content\/uploads\/2025\/06\/jvc-g9s-nfc-10-05-450x300.jpg 450w, https:\/\/xediendungphung.com\/wp-content\/uploads\/2025\/06\/jvc-g9s-nfc-10-05-800x534.jpg 800w, https:\/\/xediendungphung.com\/wp-content\/uploads\/2025\/06\/jvc-g9s-nfc-10-05.jpg 901w\" sizes=\"(max-width: 300px) 100vw, 300px\" \/><\/a><\/p>\n<p style=\"text-align: center;\"><strong>B\u1ed8 TEM M\u1edaI TH\u1edcI TRANG<\/strong><\/p>\n<p>&nbsp;<\/p>\n<p style=\"text-align: center;\"><a href=\"https:\/\/xediendungphung.com\/wp-content\/uploads\/2025\/06\/jvc-g9s-nfc-9-06.jpg\"><img loading=\"lazy\" decoding=\"async\" class=\"aligncenter wp-image-10997 size-medium\" src=\"https:\/\/xediendungphung.com\/wp-content\/uploads\/2025\/06\/jvc-g9s-nfc-9-06-300x200.jpg\" alt=\"\" width=\"300\" height=\"200\" srcset=\"https:\/\/xediendungphung.com\/wp-content\/uploads\/2025\/06\/jvc-g9s-nfc-9-06-300x200.jpg 300w, https:\/\/xediendungphung.com\/wp-content\/uploads\/2025\/06\/jvc-g9s-nfc-9-06-768x512.jpg 768w, https:\/\/xediendungphung.com\/wp-content\/uploads\/2025\/06\/jvc-g9s-nfc-9-06-450x300.jpg 450w, https:\/\/xediendungphung.com\/wp-content\/uploads\/2025\/06\/jvc-g9s-nfc-9-06-800x534.jpg 800w, https:\/\/xediendungphung.com\/wp-content\/uploads\/2025\/06\/jvc-g9s-nfc-9-06.jpg 901w\" sizes=\"(max-width: 300px) 100vw, 300px\" \/><\/a><\/p>\n<p style=\"text-align: center;\"><strong>GI\u1ea2M X\u00d3C \u00caM \u00c1I<\/strong><\/p>\n<p>&nbsp;<\/p>\n<p style=\"text-align: center;\"><a href=\"https:\/\/xediendungphung.com\/wp-content\/uploads\/2025\/06\/jvc-g9s-nfc-11-07.jpg\"><img loading=\"lazy\" decoding=\"async\" class=\"aligncenter wp-image-10995 size-medium\" src=\"https:\/\/xediendungphung.com\/wp-content\/uploads\/2025\/06\/jvc-g9s-nfc-11-07-300x200.jpg\" alt=\"\" width=\"300\" height=\"200\" srcset=\"https:\/\/xediendungphung.com\/wp-content\/uploads\/2025\/06\/jvc-g9s-nfc-11-07-300x200.jpg 300w, https:\/\/xediendungphung.com\/wp-content\/uploads\/2025\/06\/jvc-g9s-nfc-11-07-768x512.jpg 768w, https:\/\/xediendungphung.com\/wp-content\/uploads\/2025\/06\/jvc-g9s-nfc-11-07-450x300.jpg 450w, https:\/\/xediendungphung.com\/wp-content\/uploads\/2025\/06\/jvc-g9s-nfc-11-07-800x534.jpg 800w, https:\/\/xediendungphung.com\/wp-content\/uploads\/2025\/06\/jvc-g9s-nfc-11-07.jpg 901w\" sizes=\"(max-width: 300px) 100vw, 300px\" \/><\/a><\/p>\n<p style=\"text-align: center;\"><strong>\u0110\u1ed8NG C\u01a0 M\u1ea0NH M\u1ebc<\/strong><\/p>\n<p>&nbsp;<\/p>\n<p style=\"text-align: center;\"><a href=\"https:\/\/xediendungphung.com\/wp-content\/uploads\/2025\/06\/jvc-g9s-nfc-12-8.jpg\"><img loading=\"lazy\" decoding=\"async\" class=\"aligncenter wp-image-10993 size-medium\" src=\"https:\/\/xediendungphung.com\/wp-content\/uploads\/2025\/06\/jvc-g9s-nfc-12-8-300x200.jpg\" alt=\"\" width=\"300\" height=\"200\" srcset=\"https:\/\/xediendungphung.com\/wp-content\/uploads\/2025\/06\/jvc-g9s-nfc-12-8-300x200.jpg 300w, https:\/\/xediendungphung.com\/wp-content\/uploads\/2025\/06\/jvc-g9s-nfc-12-8-768x512.jpg 768w, https:\/\/xediendungphung.com\/wp-content\/uploads\/2025\/06\/jvc-g9s-nfc-12-8-450x300.jpg 450w, https:\/\/xediendungphung.com\/wp-content\/uploads\/2025\/06\/jvc-g9s-nfc-12-8-800x534.jpg 800w, https:\/\/xediendungphung.com\/wp-content\/uploads\/2025\/06\/jvc-g9s-nfc-12-8.jpg 901w\" sizes=\"(max-width: 300px) 100vw, 300px\" \/><\/a><\/p>\n<p>&nbsp;<\/p>\n<p style=\"text-align: center;\"><span style=\"font-size: 36pt;\"><strong>TH\u00d4NG S\u1ed0 K\u1ef8 THU\u1eacT G9S NFC<\/strong><\/span><\/p>\n<table style=\"border-collapse: collapse; width: 100%;\">\n<tbody>\n<tr>\n<td style=\"width: 50%;\">D\u00e0i x r\u1ed9ng x cao (mm)<\/td>\n<td style=\"width: 50%;\">1630\u00d7650\u00d71030mm<\/td>\n<\/tr>\n<tr>\n<td style=\"width: 50%;\">\u0110\u1ed3ng h\u1ed3<\/td>\n<td style=\"width: 50%;\">C\u00f4ng ngh\u1ec7 NFC<\/td>\n<\/tr>\n<tr>\n<td style=\"width: 50%;\">Chi\u1ec1u d\u00e0i c\u01a1 s\u1edf<\/td>\n<td style=\"width: 50%;\">1180 mm<\/td>\n<\/tr>\n<tr>\n<td style=\"width: 50%;\">Kh\u1ed1i l\u01b0\u1ee3ng b\u1ea3n th\u00e2n<\/td>\n<td style=\"width: 50%;\">75Kg<\/td>\n<\/tr>\n<\/tbody>\n<\/table>\n<p>&nbsp;<\/p>\n<p style=\"text-align: center;\"><a href=\"https:\/\/xediendungphung.com\/wp-content\/uploads\/2025\/06\/g9-nfc-09.jpg\"><img loading=\"lazy\" decoding=\"async\" class=\"aligncenter wp-image-10991 size-full\" src=\"https:\/\/xediendungphung.com\/wp-content\/uploads\/2025\/06\/g9-nfc-09.jpg\" alt=\"\" width=\"900\" height=\"601\" srcset=\"https:\/\/xediendungphung.com\/wp-content\/uploads\/2025\/06\/g9-nfc-09.jpg 900w, https:\/\/xediendungphung.com\/wp-content\/uploads\/2025\/06\/g9-nfc-09-300x200.jpg 300w, https:\/\/xediendungphung.com\/wp-content\/uploads\/2025\/06\/g9-nfc-09-768x513.jpg 768w, https:\/\/xediendungphung.com\/wp-content\/uploads\/2025\/06\/g9-nfc-09-450x301.jpg 450w, https:\/\/xediendungphung.com\/wp-content\/uploads\/2025\/06\/g9-nfc-09-800x534.jpg 800w\" sizes=\"(max-width: 900px) 100vw, 900px\" \/><\/a><\/p>\n<p>&nbsp;<\/p>\n<p><strong>\u0110\u1ed8NG C\u01a0<\/strong><\/p>\n<table style=\"border-collapse: collapse; width: 100%;\">\n<tbody>\n<tr>\n<td style=\"width: 50%;\">Lo\u1ea1i \u0111\u1ed9ng c\u01a1<\/td>\n<td style=\"width: 50%;\">\u0110\u1ed9ng c\u01a1 \u0111i\u1ec7n m\u1ed9t chi\u1ec1u kh\u00f4ng ch\u1ed5i than<\/td>\n<\/tr>\n<tr>\n<td style=\"width: 50%;\">B\u1ed9 \u0111i\u1ec1u khi\u1ec3n \u0111\u1ed9ng c\u01a1<\/td>\n<td style=\"width: 50%;\">JVCeco 60V800W<\/td>\n<\/tr>\n<tr>\n<td style=\"width: 50%;\">C\u00f4ng su\u1ea5t t\u1ed1i \u0111a<\/td>\n<td style=\"width: 50%;\">0.95 kW\/v\u00f2ng\/ph\u00fat<\/td>\n<\/tr>\n<tr>\n<td style=\"width: 50%;\">Qu\u00e3ng \u0111\u01b0\u1eddng \u0111i<\/td>\n<td style=\"width: 50%;\">80 \u2013 90 Km\/1 l\u1ea7n s\u1ea1c<\/td>\n<\/tr>\n<\/tbody>\n<\/table>\n<p><strong>TH\u00d4NG S\u1ed0 KH\u00c1C<\/strong><\/p>\n<table style=\"border-collapse: collapse; width: 100%;\">\n<tbody>\n<tr>\n<td style=\"width: 50%;\">H\u1ec7 th\u1ed1ng \u0111\u00e8n<\/td>\n<td style=\"width: 50%;\">LED<\/td>\n<\/tr>\n<tr>\n<td style=\"width: 50%;\">C\u1ee1 l\u1ed1p<\/td>\n<td style=\"width: 50%;\">3.00-10<\/td>\n<\/tr>\n<tr>\n<td style=\"width: 50%;\">C\u00e1ch kh\u1edfi \u0111\u1ed9ng xe<\/td>\n<td style=\"width: 50%;\">M\u1edf kh\u00f3a NFC, m\u1edf kh\u00f3a b\u1eb1ng Remote, ch\u00eca kh\u00f3a c\u01a1<\/td>\n<\/tr>\n<\/tbody>\n<\/table>\n<p><em><strong>B\u1ea1n h\u00e3y t\u1edbi\u00a0 \u0111\u1ea1i l\u00fd Xe \u0110i\u1ec7n D\u0169ng Ph\u1ee5ng\u00a0 \u0111\u1ec3 \u201cRinh ngay\u201d G9 NFC nh\u00e9.<\/strong><\/em><\/p>\n<p>Ch\u1eafc ch\u1eafn b\u1ea1n s\u1ebd c\u00f3 nh\u1eefng h\u00e0nh tr\u00ecnh tuy\u1ec7t v\u1eddi c\u00f9ng G9 NFC.<\/p>\n","protected":false},"excerpt":{"rendered":"<p>JVC G9S NFC JVC G9S NFC \u0111\u01b0\u1ee3c t\u00edch h\u1ee3p c\u00f4ng ngh\u1ec7 NFC, \u0111\u00f3ng m\u1edf kho\u00e1 xe ch\u1ec9 v\u1edbi \u201d 1 CH\u1ea0M NH\u1eb8\u201d. B\u1ed9 tem m\u1edbi thi\u1ebft k\u1ebf th\u1eddi trang, c\u00e1 t\u00ednh \u0111em t\u1edbi s\u1ef1 t\u1ef1 tin cho ng\u01b0\u1eddi l\u00e1i. \u0110\u1eb7c bi\u1ec7t, JVC G9S NFC \u0111\u01b0\u1ee3c thi\u1ebft k\u1ebf v\u1edbi 7 m\u00e0u gi\u00fap b\u1ea1n c\u00f3 th\u1ec3 d\u1ec5 [&hellip;]<\/p>\n","protected":false},"featured_media":10587,"template":"","meta":{"_acf_changed":false},"product_cat":[183,31],"product_tag":[],"class_list":{"0":"post-10580","1":"product","2":"type-product","3":"status-publish","4":"has-post-thumbnail","6":"product_brand-jvc","7":"product_cat-xe-dien","8":"product_cat-xe-dien-co-ban-dap","10":"first","11":"instock","12":"shipping-taxable","13":"purchasable","14":"product-type-variable"},"acf":[],"_links":{"self":[{"href":"https:\/\/xediendungphung.com\/en\/wp-json\/wp\/v2\/product\/10580","targetHints":{"allow":["GET"]}}],"collection":[{"href":"https:\/\/xediendungphung.com\/en\/wp-json\/wp\/v2\/product"}],"about":[{"href":"https:\/\/xediendungphung.com\/en\/wp-json\/wp\/v2\/types\/product"}],"wp:featuredmedia":[{"embeddable":true,"href":"https:\/\/xediendungphung.com\/en\/wp-json\/wp\/v2\/media\/10587"}],"wp:attachment":[{"href":"https:\/\/xediendungphung.com\/en\/wp-json\/wp\/v2\/media?parent=10580"}],"wp:term":[{"taxonomy":"product_cat","embeddable":true,"href":"https:\/\/xediendungphung.com\/en\/wp-json\/wp\/v2\/product_cat?post=10580"},{"taxonomy":"product_tag","embeddable":true,"href":"https:\/\/xediendungphung.com\/en\/wp-json\/wp\/v2\/product_tag?post=10580"}],"curies":[{"name":"wp","href":"https:\/\/api.w.org\/{rel}","templated":true}]}}