
{"id":10645,"date":"2025-06-02T13:35:43","date_gmt":"2025-06-02T06:35:43","guid":{"rendered":"https:\/\/xediendungphung.com\/?post_type=product&#038;p=10645"},"modified":"2026-01-20T12:41:39","modified_gmt":"2026-01-20T05:41:39","slug":"jvc-g9-dior","status":"publish","type":"product","link":"https:\/\/xediendungphung.com\/en\/product\/jvc-g9-dior\/","title":{"rendered":"XE \u0110I\u1ec6N JVC G9 DIOR"},"content":{"rendered":"<p><a href=\"https:\/\/xediendungphung.com\/wp-content\/uploads\/2025\/06\/jvc-g9-dior-01-1.jpg\"><img fetchpriority=\"high\" decoding=\"async\" class=\"aligncenter wp-image-10954 size-full\" src=\"https:\/\/xediendungphung.com\/wp-content\/uploads\/2025\/06\/jvc-g9-dior-01-1.jpg\" alt=\"\" width=\"901\" height=\"601\" srcset=\"https:\/\/xediendungphung.com\/wp-content\/uploads\/2025\/06\/jvc-g9-dior-01-1.jpg 901w, https:\/\/xediendungphung.com\/wp-content\/uploads\/2025\/06\/jvc-g9-dior-01-1-300x200.jpg 300w, https:\/\/xediendungphung.com\/wp-content\/uploads\/2025\/06\/jvc-g9-dior-01-1-768x512.jpg 768w, https:\/\/xediendungphung.com\/wp-content\/uploads\/2025\/06\/jvc-g9-dior-01-1-450x300.jpg 450w, https:\/\/xediendungphung.com\/wp-content\/uploads\/2025\/06\/jvc-g9-dior-01-1-800x534.jpg 800w\" sizes=\"(max-width: 901px) 100vw, 901px\" \/><\/a><\/p>\n<p style=\"text-align: left;\">G9 Dior l\u00e0 d\u00f2ng xe \u0111i\u1ec7n c\u00f3 ph\u00e1p l\u00fd h\u1ee3p chu\u1ea9n, \u0111\u1ea7y \u0111\u1ee7 ho\u00e1 \u0111\u01a1n \u0111\u0103ng ki\u1ec3m. \u0110\u00e2y l\u00e0 \u0111i\u1ec3m kh\u00e1c bi\u1ec7t l\u1edbn so v\u1edbi c\u00e1c s\u1ea3n ph\u1ea9m kh\u00f4ng r\u00f5 ngu\u1ed3n g\u1ed1c tr\u00ean th\u1ecb tr\u01b0\u1eddng. Qu\u00e3ng \u0111\u01b0\u1eddng t\u1ed1i \u01b0u: \u0110i \u0111\u01b0\u1ee3c 90 km\/l\u1ea7n s\u1ea1c, ti\u1ebft ki\u1ec7m v\u00e0 hi\u1ec7u qu\u1ea3.G9 Dior c\u00f3 5 m\u00e0u: tr\u1eafng h\u1ed3ng, tr\u1eafng \u0111en, v\u00e0ng kem, x\u00e1m xi m\u0103ng, \u0111en m\u1edd,\u2026B\u1ea1n c\u00f3 th\u1ec3 l\u1ef1a ch\u1ecdn m\u00e0u xe ph\u00f9 h\u1ee3p v\u1edbi c\u00e1 t\u00ednh c\u1ee7a ch\u00ednh m\u00ecnh.<\/p>\n<p><a href=\"https:\/\/xediendungphung.com\/wp-content\/uploads\/2025\/06\/banner-web-02.jpg\"><img decoding=\"async\" class=\"aligncenter wp-image-10948 size-large\" src=\"https:\/\/xediendungphung.com\/wp-content\/uploads\/2025\/06\/banner-web-02-1024x413.jpg\" alt=\"\" width=\"1024\" height=\"413\" srcset=\"https:\/\/xediendungphung.com\/wp-content\/uploads\/2025\/06\/banner-web-02-1024x413.jpg 1024w, https:\/\/xediendungphung.com\/wp-content\/uploads\/2025\/06\/banner-web-02-300x121.jpg 300w, https:\/\/xediendungphung.com\/wp-content\/uploads\/2025\/06\/banner-web-02-768x310.jpg 768w, https:\/\/xediendungphung.com\/wp-content\/uploads\/2025\/06\/banner-web-02-450x182.jpg 450w, https:\/\/xediendungphung.com\/wp-content\/uploads\/2025\/06\/banner-web-02-800x323.jpg 800w, https:\/\/xediendungphung.com\/wp-content\/uploads\/2025\/06\/banner-web-02.jpg 1366w\" sizes=\"(max-width: 1024px) 100vw, 1024px\" \/><\/a><\/p>\n<p style=\"text-align: center;\"><span style=\"font-size: 36pt;\"><strong>\u01afU \u0110I\u1ec2M V\u01af\u1ee2T TR\u1ed8I C\u1ee6A G9 DIOR<\/strong><\/span><\/p>\n<p style=\"text-align: left;\">Thi\u1ebft k\u1ebf \u1ea5n t\u01b0\u1ee3ng \u2013 \u0110i\u1ec3m nh\u1ea5n kh\u00e1c bi\u1ec7t:<br \/>\n\ud83d\udc49 Ki\u1ec3u d\u00e1ng th\u1eddi th\u01b0\u1ee3ng: G9 Dior mang phong c\u00e1ch \u0111\u1ed9t ph\u00e1, kh\u00e1c bi\u1ec7t ho\u00e0n to\u00e0n so v\u1edbi c\u00e1c d\u00f2ng xe \u0111i\u1ec7n th\u00f4ng th\u01b0\u1eddng.<br \/>\n\ud83d\udc49 Logo \u0111\u00e8n LED tr\u01b0\u1edbc: T\u1ea1o \u0111i\u1ec3m nh\u1ea5n n\u1ed5i b\u1eadt, thu h\u00fat m\u1ecdi \u00e1nh nh\u00ecn.<br \/>\n\ud83d\udc49 Thi\u1ebft k\u1ebf y\u1ebfm sau: \u0110\u1ed9c \u0111\u00e1o v\u00e0 hi\u1ec7n \u0111\u1ea1i, mang \u0111\u1ebfn s\u1ef1 kh\u00e1c bi\u1ec7t. JVC \u0111\u00e3 m\u1edf khu\u00f4n ri\u00eang \u0111\u1ed9c quy\u1ec1n.<br \/>\n\ud83d\udc49 B\u1ed9 kh\u00f3a th\u00f4ng minh: Thi\u1ebft k\u1ebf ti\u1ec7n l\u1ee3i, d\u1ec5 s\u1eed d\u1ee5ng, kh\u00e1c bi\u1ec7t v\u1edbi c\u00e1c d\u00f2ng xe kh\u00e1c th\u01b0\u1eddng \u0111\u1eb7t d\u01b0\u1edbi y\u00ean.<br \/>\n\ud83d\udc49 H\u1ec7 th\u1ed1ng \u0111\u00e8n Full LED: \u0110\u00e8n pha bi c\u1ea7u si\u00eau s\u00e1ng, h\u1ed7 tr\u1ee3 chi\u1ebfu xa v\u00e0 g\u1ea7n hi\u1ec7u qu\u1ea3.<br \/>\n\ud83d\udc49 L\u1ed1p Kenda 300-10: Ch\u1ea5t l\u01b0\u1ee3ng cao, v\u1eadn h\u00e0nh \u00eam \u00e1i tr\u00ean m\u1ecdi \u0111\u1ecba h\u00ecnh.\u267b\ufe0f T\u00ednh n\u0103ng hi\u1ec7n \u0111\u1ea1i \u2013 C\u00f4ng ngh\u1ec7 ti\u00ean ti\u1ebfn:<br \/>\n\ud83d\udc49 \u0110\u1ed3ng h\u1ed3 LED \u2013 NFC: Kh\u00f3a\/m\u1edf xe nhanh ch\u00f3ng ch\u1ec9 v\u1edbi 1 ch\u1ea1m.<br \/>\n\ud83d\udc49 Tay ga Wuxing: T\u00edch h\u1ee3p n\u00fat Parking (P) \u0111\u1ea3m b\u1ea3o an to\u00e0n khi d\u1eebng \u0111\u1ed7.<br \/>\n\ud83d\udc49 H\u1ed1c c\u1ed1p ph\u1ee5: T\u00edch h\u1ee3p c\u1ed5ng s\u1ea1c USB, ti\u1ec7n l\u1ee3i s\u1ea1c \u0111i\u1ec7n tho\u1ea1i tr\u00ean \u0111\u01b0\u1eddng.<br \/>\n\ud83d\udc49 B\u00e0n \u0111\u1ea1p linh ho\u1ea1t: Ph\u00f9 h\u1ee3p cho h\u1ecdc sinh d\u01b0\u1edbi 16 tu\u1ed5i theo \u0111\u00fang quy \u0111\u1ecbnh nh\u00e0 tr\u01b0\u1eddng v\u00e0 CSGT.<\/p>\n<p>&nbsp;<\/p>\n<p style=\"text-align: center;\"><strong>\u0110\u00c8N LOGO TRANG TR\u00cd<\/strong><\/p>\n<p>&nbsp;<\/p>\n<p><a href=\"https:\/\/xediendungphung.com\/wp-content\/uploads\/2025\/06\/g9-dior-3-1.jpg\"><img decoding=\"async\" class=\"aligncenter wp-image-10967 size-medium\" src=\"https:\/\/xediendungphung.com\/wp-content\/uploads\/2025\/06\/g9-dior-3-1-300x201.jpg\" alt=\"\" width=\"300\" height=\"201\" srcset=\"https:\/\/xediendungphung.com\/wp-content\/uploads\/2025\/06\/g9-dior-3-1-300x201.jpg 300w, https:\/\/xediendungphung.com\/wp-content\/uploads\/2025\/06\/g9-dior-3-1-1024x687.jpg 1024w, https:\/\/xediendungphung.com\/wp-content\/uploads\/2025\/06\/g9-dior-3-1-768x515.jpg 768w, https:\/\/xediendungphung.com\/wp-content\/uploads\/2025\/06\/g9-dior-3-1-1536x1031.jpg 1536w, https:\/\/xediendungphung.com\/wp-content\/uploads\/2025\/06\/g9-dior-3-1-450x302.jpg 450w, https:\/\/xediendungphung.com\/wp-content\/uploads\/2025\/06\/g9-dior-3-1-800x537.jpg 800w, https:\/\/xediendungphung.com\/wp-content\/uploads\/2025\/06\/g9-dior-3-1.jpg 1875w\" sizes=\"(max-width: 300px) 100vw, 300px\" \/><\/a><\/p>\n<p style=\"text-align: center;\"><strong>M\u1eb6T N\u1ea0 THI\u1ebeT K\u1ebe TH\u1edcI TRANG<\/strong><\/p>\n<p>&nbsp;<\/p>\n<p><a href=\"https:\/\/xediendungphung.com\/wp-content\/uploads\/2025\/06\/g9-dior-1-04.jpg\"><img loading=\"lazy\" decoding=\"async\" class=\"aligncenter wp-image-10970 size-medium\" src=\"https:\/\/xediendungphung.com\/wp-content\/uploads\/2025\/06\/g9-dior-1-04-300x201.jpg\" alt=\"\" width=\"300\" height=\"201\" srcset=\"https:\/\/xediendungphung.com\/wp-content\/uploads\/2025\/06\/g9-dior-1-04-300x201.jpg 300w, https:\/\/xediendungphung.com\/wp-content\/uploads\/2025\/06\/g9-dior-1-04-768x515.jpg 768w, https:\/\/xediendungphung.com\/wp-content\/uploads\/2025\/06\/g9-dior-1-04-450x302.jpg 450w, https:\/\/xediendungphung.com\/wp-content\/uploads\/2025\/06\/g9-dior-1-04-800x537.jpg 800w, https:\/\/xediendungphung.com\/wp-content\/uploads\/2025\/06\/g9-dior-1-04.jpg 900w\" sizes=\"(max-width: 300px) 100vw, 300px\" \/><\/a><\/p>\n<p>&nbsp;<\/p>\n<p style=\"text-align: center;\"><strong>\u0110\u1ed2NG H\u1ed2 HI\u1ec2N TH\u1eca S\u1eaeC N\u00c9T<\/strong><\/p>\n<p>&nbsp;<\/p>\n<p><a href=\"https:\/\/xediendungphung.com\/wp-content\/uploads\/2025\/06\/dong-ho-g9-dior-05.jpg\"><img loading=\"lazy\" decoding=\"async\" class=\"aligncenter wp-image-10972 size-medium\" src=\"https:\/\/xediendungphung.com\/wp-content\/uploads\/2025\/06\/dong-ho-g9-dior-05-300x201.jpg\" alt=\"\" width=\"300\" height=\"201\" srcset=\"https:\/\/xediendungphung.com\/wp-content\/uploads\/2025\/06\/dong-ho-g9-dior-05-300x201.jpg 300w, https:\/\/xediendungphung.com\/wp-content\/uploads\/2025\/06\/dong-ho-g9-dior-05-768x515.jpg 768w, https:\/\/xediendungphung.com\/wp-content\/uploads\/2025\/06\/dong-ho-g9-dior-05-450x302.jpg 450w, https:\/\/xediendungphung.com\/wp-content\/uploads\/2025\/06\/dong-ho-g9-dior-05-800x537.jpg 800w, https:\/\/xediendungphung.com\/wp-content\/uploads\/2025\/06\/dong-ho-g9-dior-05.jpg 900w\" sizes=\"(max-width: 300px) 100vw, 300px\" \/><\/a><\/p>\n<p>&nbsp;<\/p>\n<p style=\"text-align: center;\"><strong>T\u00cdCH H\u1ee2P C\u1ed4NG S\u1ea0C USB<\/strong><\/p>\n<p>&nbsp;<\/p>\n<p><a href=\"https:\/\/xediendungphung.com\/wp-content\/uploads\/2025\/06\/g9-dior-6.jpg\"><img loading=\"lazy\" decoding=\"async\" class=\"aligncenter wp-image-10976 size-medium\" src=\"https:\/\/xediendungphung.com\/wp-content\/uploads\/2025\/06\/g9-dior-6-300x201.jpg\" alt=\"\" width=\"300\" height=\"201\" srcset=\"https:\/\/xediendungphung.com\/wp-content\/uploads\/2025\/06\/g9-dior-6-300x201.jpg 300w, https:\/\/xediendungphung.com\/wp-content\/uploads\/2025\/06\/g9-dior-6-768x515.jpg 768w, https:\/\/xediendungphung.com\/wp-content\/uploads\/2025\/06\/g9-dior-6-450x302.jpg 450w, https:\/\/xediendungphung.com\/wp-content\/uploads\/2025\/06\/g9-dior-6-800x537.jpg 800w, https:\/\/xediendungphung.com\/wp-content\/uploads\/2025\/06\/g9-dior-6.jpg 900w\" sizes=\"(max-width: 300px) 100vw, 300px\" \/><\/a><\/p>\n<p>&nbsp;<\/p>\n<p style=\"text-align: center;\"><strong>Y\u1ebeM SAU THI\u1ebeT K\u1ebe KH\u00c1C BI\u1ec6T<\/strong><\/p>\n<p>&nbsp;<\/p>\n<p style=\"text-align: center;\"><a href=\"https:\/\/xediendungphung.com\/wp-content\/uploads\/2025\/06\/g9-dior-7.jpg\"><img loading=\"lazy\" decoding=\"async\" class=\"size-full wp-image-10978 aligncenter\" src=\"https:\/\/xediendungphung.com\/wp-content\/uploads\/2025\/06\/g9-dior-7.jpg\" alt=\"\" width=\"900\" height=\"604\" srcset=\"https:\/\/xediendungphung.com\/wp-content\/uploads\/2025\/06\/g9-dior-7.jpg 900w, https:\/\/xediendungphung.com\/wp-content\/uploads\/2025\/06\/g9-dior-7-300x201.jpg 300w, https:\/\/xediendungphung.com\/wp-content\/uploads\/2025\/06\/g9-dior-7-768x515.jpg 768w, https:\/\/xediendungphung.com\/wp-content\/uploads\/2025\/06\/g9-dior-7-450x302.jpg 450w, https:\/\/xediendungphung.com\/wp-content\/uploads\/2025\/06\/g9-dior-7-800x537.jpg 800w\" sizes=\"(max-width: 900px) 100vw, 900px\" \/><\/a><\/p>\n<p>&nbsp;<\/p>\n<p style=\"text-align: center;\"><strong>\u0110\u1ed8NG C\u01a0 M\u1ea0NH M\u1ebc<\/strong><\/p>\n<p>&nbsp;<\/p>\n<p><a href=\"https:\/\/xediendungphung.com\/wp-content\/uploads\/2025\/06\/g9-dior-8.jpg\"><img loading=\"lazy\" decoding=\"async\" class=\"aligncenter wp-image-10980 size-medium\" src=\"https:\/\/xediendungphung.com\/wp-content\/uploads\/2025\/06\/g9-dior-8-300x201.jpg\" alt=\"\" width=\"300\" height=\"201\" srcset=\"https:\/\/xediendungphung.com\/wp-content\/uploads\/2025\/06\/g9-dior-8-300x201.jpg 300w, https:\/\/xediendungphung.com\/wp-content\/uploads\/2025\/06\/g9-dior-8-768x515.jpg 768w, https:\/\/xediendungphung.com\/wp-content\/uploads\/2025\/06\/g9-dior-8-450x302.jpg 450w, https:\/\/xediendungphung.com\/wp-content\/uploads\/2025\/06\/g9-dior-8-800x537.jpg 800w, https:\/\/xediendungphung.com\/wp-content\/uploads\/2025\/06\/g9-dior-8.jpg 900w\" sizes=\"(max-width: 300px) 100vw, 300px\" \/><\/a><\/p>\n<p>&nbsp;<\/p>\n<p style=\"text-align: center;\"><span style=\"font-size: 36pt;\"><strong>TH\u00d4NG S\u1ed0 K\u1ef8 THU\u1eacT<\/strong><\/span><\/p>\n<p><strong>TH\u00d4NG TIN CHUNG<\/strong><\/p>\n<table style=\"border-collapse: collapse; width: 100%;\">\n<tbody>\n<tr>\n<td style=\"width: 50%;\">H\u00e3ng s\u1ea3n xu\u1ea5t<\/td>\n<td style=\"width: 50%;\">JVC eco<\/td>\n<\/tr>\n<tr>\n<td style=\"width: 50%;\">Xu\u1ea5t x\u1ee9<\/td>\n<td style=\"width: 50%;\">Vi\u1ec7t Nam v\u00e0 Li\u00ean doanh<\/td>\n<\/tr>\n<tr>\n<td style=\"width: 50%;\">B\u1ea3o h\u00e0nh Khung<\/td>\n<td style=\"width: 50%;\">3 N\u0103m<\/td>\n<\/tr>\n<tr>\n<td style=\"width: 50%;\">B\u1ea3o h\u00e0nh \u0102c quy, Motor, B\u1ed9 \u0111i\u1ec1u khi\u1ec3n<\/td>\n<td style=\"width: 50%;\">1 N\u0103m<\/td>\n<\/tr>\n<tr>\n<td style=\"width: 50%;\">S\u1ed1 ch\u1ee9ng nh\u1eadn<\/td>\n<td style=\"width: 50%;\"><\/td>\n<\/tr>\n<tr>\n<td style=\"width: 50%;\">M\u00e3 s\u1ed1 khung<\/td>\n<td style=\"width: 50%;\"><\/td>\n<\/tr>\n<\/tbody>\n<\/table>\n<p><strong>NGO\u1ea0I H\u00ccNH<\/strong><\/p>\n<table style=\"border-collapse: collapse; width: 100%;\">\n<tbody>\n<tr>\n<td style=\"width: 50%;\">Chi\u1ec1u d\u00e0i x r\u1ed9ng x cao<\/td>\n<td style=\"width: 50%;\"><\/td>\n<\/tr>\n<tr>\n<td style=\"width: 50%;\">Chi\u1ec1u d\u00e0i c\u01a1 s\u1edf<\/td>\n<td style=\"width: 50%;\"><\/td>\n<\/tr>\n<tr>\n<td style=\"width: 50%;\">C\u1edb l\u1ed1p tr\u01b0\u1edbc<\/td>\n<td style=\"width: 50%;\">3.00-10<\/td>\n<\/tr>\n<tr>\n<td style=\"width: 50%;\">C\u1edb l\u1ed1p sau<\/td>\n<td style=\"width: 50%;\">3.00-10<\/td>\n<\/tr>\n<tr>\n<td style=\"width: 50%;\">M\u00e0u s\u1eafc<\/td>\n<td style=\"width: 50%;\">Tr\u1eafng h\u1ed3ng, tr\u1eafng \u0111en, v\u00e0ng kem, ghi s\u1ea7n, xanh b\u01a1<\/td>\n<\/tr>\n<\/tbody>\n<\/table>\n<p><strong>T\u00cdNH N\u0102NG<\/strong><\/p>\n<table style=\"border-collapse: collapse; width: 100%;\">\n<tbody>\n<tr>\n<td style=\"width: 50%;\">\u0110\u1ed9ng c\u01a1<\/td>\n<td style=\"width: 50%;\">0,95 Kw<\/td>\n<\/tr>\n<tr>\n<td style=\"width: 50%;\">V\u1eadn t\u1ed1c t\u1ed1i \u0111a<\/td>\n<td style=\"width: 50%;\">42 Km\/h<\/td>\n<\/tr>\n<tr>\n<td style=\"width: 50%;\">C\u00e1ch th\u1ee9c thao t\u00e1c<\/td>\n<td style=\"width: 50%;\">T\u1ef1 \u0111\u1ed9ng<\/td>\n<\/tr>\n<tr>\n<td style=\"width: 50%;\">Qu\u00e3ng \u0111\u01b0\u1eddng di chuy\u1ec3n<\/td>\n<td style=\"width: 50%;\">80 \u2013 90km\/1l\u1ea7n s\u1ea1c<\/td>\n<\/tr>\n<\/tbody>\n<\/table>\n","protected":false},"excerpt":{"rendered":"<p>G9 Dior l\u00e0 d\u00f2ng xe \u0111i\u1ec7n c\u00f3 ph\u00e1p l\u00fd h\u1ee3p chu\u1ea9n, \u0111\u1ea7y \u0111\u1ee7 ho\u00e1 \u0111\u01a1n \u0111\u0103ng ki\u1ec3m. \u0110\u00e2y l\u00e0 \u0111i\u1ec3m kh\u00e1c bi\u1ec7t l\u1edbn so v\u1edbi c\u00e1c s\u1ea3n ph\u1ea9m kh\u00f4ng r\u00f5 ngu\u1ed3n g\u1ed1c tr\u00ean th\u1ecb tr\u01b0\u1eddng. Qu\u00e3ng \u0111\u01b0\u1eddng t\u1ed1i \u01b0u: \u0110i \u0111\u01b0\u1ee3c 90 km\/l\u1ea7n s\u1ea1c, ti\u1ebft ki\u1ec7m v\u00e0 hi\u1ec7u qu\u1ea3.G9 Dior c\u00f3 5 m\u00e0u: tr\u1eafng h\u1ed3ng, [&hellip;]<\/p>\n","protected":false},"featured_media":10669,"template":"","meta":{"_acf_changed":false},"product_cat":[183,31],"product_tag":[],"class_list":{"0":"post-10645","1":"product","2":"type-product","3":"status-publish","4":"has-post-thumbnail","6":"product_brand-jvc","7":"product_cat-xe-dien","8":"product_cat-xe-dien-co-ban-dap","10":"first","11":"instock","12":"shipping-taxable","13":"purchasable","14":"product-type-variable"},"acf":[],"_links":{"self":[{"href":"https:\/\/xediendungphung.com\/en\/wp-json\/wp\/v2\/product\/10645","targetHints":{"allow":["GET"]}}],"collection":[{"href":"https:\/\/xediendungphung.com\/en\/wp-json\/wp\/v2\/product"}],"about":[{"href":"https:\/\/xediendungphung.com\/en\/wp-json\/wp\/v2\/types\/product"}],"wp:featuredmedia":[{"embeddable":true,"href":"https:\/\/xediendungphung.com\/en\/wp-json\/wp\/v2\/media\/10669"}],"wp:attachment":[{"href":"https:\/\/xediendungphung.com\/en\/wp-json\/wp\/v2\/media?parent=10645"}],"wp:term":[{"taxonomy":"product_cat","embeddable":true,"href":"https:\/\/xediendungphung.com\/en\/wp-json\/wp\/v2\/product_cat?post=10645"},{"taxonomy":"product_tag","embeddable":true,"href":"https:\/\/xediendungphung.com\/en\/wp-json\/wp\/v2\/product_tag?post=10645"}],"curies":[{"name":"wp","href":"https:\/\/api.w.org\/{rel}","templated":true}]}}