
{"id":10676,"date":"2025-06-02T14:36:29","date_gmt":"2025-06-02T07:36:29","guid":{"rendered":"https:\/\/xediendungphung.com\/?post_type=product&#038;p=10676"},"modified":"2025-06-18T15:00:16","modified_gmt":"2025-06-18T08:00:16","slug":"xe-dien-kazuki-slay","status":"publish","type":"product","link":"https:\/\/xediendungphung.com\/en\/product\/xe-dien-kazuki-slay\/","title":{"rendered":"XE \u0110I\u1ec6N KAZUKI SLAY"},"content":{"rendered":"<p style=\"text-align: center;\"><span style=\"font-size: 36pt;\">Kazuki Slay<\/span><\/p>\n<p style=\"text-align: left;\"><strong>H\u00c3NG XE: DTP<\/strong><\/p>\n<p><strong>PH\u1ee4 KI\u1ec6N \u0110I K\u00c8M<\/strong><\/p>\n<table style=\"border-collapse: collapse; width: 100%;\">\n<tbody>\n<tr>\n<td style=\"width: 100%;\">G\u01af\u01a0NG<\/td>\n<\/tr>\n<tr>\n<td style=\"width: 100%;\">S\u1ea0C<\/td>\n<\/tr>\n<tr>\n<td style=\"width: 100%;\">S\u1ed4 B\u1ea2O H\u00c0NH<\/td>\n<\/tr>\n<\/tbody>\n<\/table>\n<p><strong>\u0110\u1eb6C \u0110I\u1ec2M<\/strong><\/p>\n<table style=\"border-collapse: collapse; width: 100%; height: 216px;\">\n<tbody>\n<tr style=\"height: 24px;\">\n<td style=\"width: 50%; height: 24px;\">B\u1ea2O V\u1ec6 D\u00d2NG<\/td>\n<td style=\"width: 50%; height: 24px;\">30 + \/ \u2013 2A<\/td>\n<\/tr>\n<tr style=\"height: 24px;\">\n<td style=\"width: 50%; height: 24px;\">B\u1ea2O V\u1ec6 T\u1ee4T \u00c1P<\/td>\n<td style=\"width: 50%; height: 24px;\">42 + \/ \u2013 0.5V<\/td>\n<\/tr>\n<tr style=\"height: 24px;\">\n<td style=\"width: 50%; height: 24px;\">L\u1ed0P<\/td>\n<td style=\"width: 50%; height: 24px;\">Kh\u00f4ng s\u0103m<\/td>\n<\/tr>\n<tr style=\"height: 48px;\">\n<td style=\"width: 50%; height: 48px;\">PHANH TR\u01af\u1edaC\/ PHANH SAU<\/td>\n<td style=\"width: 50%; height: 48px;\">Phanh c\u01a1<\/td>\n<\/tr>\n<tr style=\"height: 24px;\">\n<td style=\"width: 50%; height: 24px;\">DUNG T\u00cdCH B\u00ccNH<\/td>\n<td style=\"width: 50%; height: 24px;\">4 acquy l\u1edbn 20A theo xe<\/td>\n<\/tr>\n<tr style=\"height: 24px;\">\n<td style=\"width: 50%; height: 24px;\">TR\u1eccNG L\u01af\u1ee2NG XE<\/td>\n<td style=\"width: 50%; height: 24px;\">82 kg<\/td>\n<\/tr>\n<tr style=\"height: 24px;\">\n<td style=\"width: 50%; height: 24px;\">T\u1ea2I TR\u1eccNG<\/td>\n<td style=\"width: 50%; height: 24px;\">160 kg<\/td>\n<\/tr>\n<tr style=\"height: 24px;\">\n<td style=\"width: 50%; height: 24px;\">V\u1eacN T\u1ed0C T\u1ed0I \u0110A<\/td>\n<td style=\"width: 50%; height: 24px;\">37 km\/h<\/td>\n<\/tr>\n<\/tbody>\n<\/table>\n<p><strong>NGO\u1ea0I H\u00ccNH<\/strong><\/p>\n<table style=\"border-collapse: collapse; width: 100%;\">\n<tbody>\n<tr>\n<td style=\"width: 50%;\">M\u00c0U S\u1eaeC<\/td>\n<td style=\"width: 50%;\">\u201c\u0110en b\u00f3ng, \u0111en s\u1ea7n, \u0111\u1ecf \u0111un, xanh c\u1eedu long, xanh r\u00eau b\u00f3ng, xanh r\u00eau s\u1ea7n, ghi b\u00f3ng, tr\u1eafng\u201d<\/td>\n<\/tr>\n<tr>\n<td style=\"width: 50%;\">CHI\u1ec0U CAO Y\u00caN<\/td>\n<td style=\"width: 50%;\">735mm<\/td>\n<\/tr>\n<tr>\n<td style=\"width: 50%;\">CHI\u1ec0U D\u00c0I \u2013 CHI\u1ec0U R\u1ed8NG \u2013 CHI\u1ec0U CAO<\/td>\n<td style=\"width: 50%;\">1640mm x 710mm x 1050mm<\/td>\n<\/tr>\n<\/tbody>\n<\/table>\n<p><strong>B\u1ea2O H\u00c0NH<\/strong><\/p>\n<table style=\"border-collapse: collapse; width: 100%; height: 254px;\">\n<tbody>\n<tr style=\"height: 24px;\">\n<td style=\"width: 50%; height: 24px;\">KHUNG XE<\/td>\n<td style=\"width: 50%; height: 24px;\">36 th\u00e1ng<\/td>\n<\/tr>\n<tr style=\"height: 38px;\">\n<td style=\"width: 50%; height: 38px;\">\u0110\u1ed8NG C\u01a0 \u0110I\u1ec6N<\/td>\n<td style=\"width: 50%; height: 38px;\">12 th\u00e1ng<\/td>\n<\/tr>\n<tr style=\"height: 24px;\">\n<td style=\"width: 50%; height: 24px;\">B\u1ed8 S\u1ea0C \u0110I\u1ec6N<\/td>\n<td style=\"width: 50%; height: 24px;\">12 th\u00e1ng<\/td>\n<\/tr>\n<tr style=\"height: 24px;\">\n<td style=\"width: 50%; height: 24px;\">B\u1ed8 \u0110I\u1ec0U T\u1ed0C (IC) 12 th\u00e1ng<\/td>\n<td style=\"width: 50%; height: 24px;\">12 th\u00e1ng<\/td>\n<\/tr>\n<tr style=\"height: 24px;\">\n<td style=\"width: 50%; height: 24px;\">GI\u1ea2M S\u00d3C TR\u01af\u1edaC + SAU<\/td>\n<td style=\"width: 50%; height: 24px;\">6 th\u00e1ng<\/td>\n<\/tr>\n<tr style=\"height: 24px;\">\n<td style=\"width: 50%; height: 24px;\">V\u00c0NH XE<\/td>\n<td style=\"width: 50%; height: 24px;\">12 th\u00e1ng<\/td>\n<\/tr>\n<tr style=\"height: 24px;\">\n<td style=\"width: 50%; height: 24px;\">TAY GA<\/td>\n<td style=\"width: 50%; height: 24px;\">6 th\u00e1ng<\/td>\n<\/tr>\n<tr style=\"height: 24px;\">\n<td style=\"width: 50%; height: 24px;\">C\u1ee4M \u0110\u00c8N \u0110\u1ed2NG H\u1ed2<\/td>\n<td style=\"width: 50%; height: 24px;\">6 th\u00e1ng<\/td>\n<\/tr>\n<tr style=\"height: 24px;\">\n<td style=\"width: 50%; height: 24px;\">KHO\u00c1 C\u00d4NG T\u1eaeC \u0110I\u1ec6N<\/td>\n<td style=\"width: 50%; height: 24px;\">3 th\u00e1ng<\/td>\n<\/tr>\n<tr style=\"height: 24px;\">\n<td style=\"width: 50%; height: 24px;\">T\u1ee4 \u0110\u1ed4I NGU\u1ed2N<\/td>\n<td style=\"width: 50%; height: 24px;\">3 th\u00e1ng<\/td>\n<\/tr>\n<\/tbody>\n<\/table>\n<p>&nbsp;<\/p>\n<p style=\"text-align: center;\"><strong><span style=\"font-size: 36pt;\">Chi ti\u1ebft s\u1ea3n ph\u1ea9m<\/span><\/strong><\/p>\n<p>Kazuki SLAY mang thi\u1ebft k\u1ebf n\u0103ng \u0111\u1ed9ng, tr\u1ebb trung, l\u00e0 l\u1ef1a ch\u1ecdn ho\u00e0n h\u1ea3o cho nh\u1eefng c\u00f4 g\u00e1i c\u00e1 t\u00ednh, hi\u1ec7n \u0111\u1ea1i. Ki\u1ec3u d\u00e1ng thanh tho\u00e1t nh\u01b0ng v\u1eabn to\u00e1t l\u00ean s\u1ef1 m\u1ea1nh m\u1ebd, v\u1edbi t\u1eebng \u0111\u01b0\u1eddng n\u00e9t s\u1eafc s\u1ea3o t\u1ea1o n\u00ean phong c\u00e1ch th\u1eddi th\u01b0\u1ee3ng, kh\u00e1c bi\u1ec7t. Kh\u00f4ng ch\u1ec9 l\u00e0 m\u1ed9t chi\u1ebfc xe, Kazuki SLAY c\u00f2n l\u00e0 tuy\u00ean ng\u00f4n c\u00e1 t\u00ednh, gi\u00fap b\u1ea1n t\u1ef1 tin th\u1ec3 hi\u1ec7n phong c\u00e1ch ri\u00eang v\u00e0 chinh ph\u1ee5c m\u1ecdi h\u00e0nh tr\u00ecnh.<\/p>\n<p style=\"text-align: left;\"><strong><span style=\"font-size: 12pt;\">B\u1ed9 nh\u1ef1a thi\u1ebft k\u1ebf m\u1edbi<\/span><\/strong><\/p>\n<p style=\"text-align: left;\">Kazuki SLAY s\u1edf h\u1eefu b\u1ed9 nh\u1ef1a \u0111\u1ed9c quy\u1ec1n v\u1edbi thi\u1ebft k\u1ebf hi\u1ec7n \u0111\u1ea1i, mang \u0111\u1ebfn phong c\u00e1ch th\u1eddi trang v\u00e0 c\u00e1 t\u00ednh. \u0110\u01b0\u1eddng n\u00e9t s\u1eafc s\u1ea3o, ch\u1ea5t li\u1ec7u cao c\u1ea5p gi\u00fap xe lu\u00f4n b\u1ec1n \u0111\u1eb9p, h\u1ea1n ch\u1ebf tr\u1ea7y x\u01b0\u1edbc, ph\u00f9 h\u1ee3p v\u1edbi nh\u1eefng ai y\u00eau th\u00edch s\u1ef1 n\u0103ng \u0111\u1ed9ng v\u00e0 kh\u00e1c bi\u1ec7t.<\/p>\n<p>&nbsp;<\/p>\n<p><a href=\"https:\/\/xediendungphung.com\/wp-content\/uploads\/2025\/06\/5.png\"><img fetchpriority=\"high\" decoding=\"async\" class=\"size-full wp-image-11038 alignnone\" src=\"https:\/\/xediendungphung.com\/wp-content\/uploads\/2025\/06\/5.png\" alt=\"\" width=\"1536\" height=\"1024\" srcset=\"https:\/\/xediendungphung.com\/wp-content\/uploads\/2025\/06\/5.png 1536w, https:\/\/xediendungphung.com\/wp-content\/uploads\/2025\/06\/5-300x200.png 300w, https:\/\/xediendungphung.com\/wp-content\/uploads\/2025\/06\/5-1024x683.png 1024w, https:\/\/xediendungphung.com\/wp-content\/uploads\/2025\/06\/5-768x512.png 768w, https:\/\/xediendungphung.com\/wp-content\/uploads\/2025\/06\/5-450x300.png 450w, https:\/\/xediendungphung.com\/wp-content\/uploads\/2025\/06\/5-800x533.png 800w\" sizes=\"(max-width: 1536px) 100vw, 1536px\" \/><\/a><\/p>\n<p><strong>V\u00e0nh tr\u01b0\u1edbc<\/strong><\/p>\n<p>Lazang 16 inch \u0111\u01b0\u1ee3c thi\u1ebft k\u1ebf m\u1edf khu\u00f4n \u0111\u1ed9c quy\u1ec1n, gi\u00fap t\u0103ng \u0111\u1ed9 b\u1ec1n v\u00e0 kh\u1ea3 n\u0103ng ch\u1ecbu l\u1ef1c. C\u1ea5u tr\u00fac ch\u1eafc ch\u1eafn mang l\u1ea1i s\u1ef1 \u1ed5n \u0111\u1ecbnh khi v\u1eadn h\u00e0nh, gi\u00fap xe b\u00e1m \u0111\u01b0\u1eddng t\u1ed1t, di chuy\u1ec3n an to\u00e0n tr\u00ean m\u1ecdi \u0111\u1ecba h\u00ecnh.<\/p>\n<p>&nbsp;<\/p>\n<p><a href=\"https:\/\/xediendungphung.com\/wp-content\/uploads\/2025\/06\/Untitled.png\"><img decoding=\"async\" class=\"wp-image-11120 size-large aligncenter\" src=\"https:\/\/xediendungphung.com\/wp-content\/uploads\/2025\/06\/Untitled-683x1024.png\" alt=\"\" width=\"683\" height=\"1024\" srcset=\"https:\/\/xediendungphung.com\/wp-content\/uploads\/2025\/06\/Untitled-683x1024.png 683w, https:\/\/xediendungphung.com\/wp-content\/uploads\/2025\/06\/Untitled-200x300.png 200w, https:\/\/xediendungphung.com\/wp-content\/uploads\/2025\/06\/Untitled-768x1152.png 768w, https:\/\/xediendungphung.com\/wp-content\/uploads\/2025\/06\/Untitled-450x675.png 450w, https:\/\/xediendungphung.com\/wp-content\/uploads\/2025\/06\/Untitled.png 800w\" sizes=\"(max-width: 683px) 100vw, 683px\" \/><\/a><\/p>\n<p>&nbsp;<\/p>\n<p>&nbsp;<\/p>\n<p><strong>Khung s\u01b0\u1eddn UMV<\/strong><\/p>\n<p>Kazuki SLAY \u0111\u01b0\u1ee3c trang b\u1ecb khung s\u01b0\u1eddn UMV v\u1edbi k\u1ebft c\u1ea5u ch\u1eafc ch\u1eafn, ch\u1ecbu l\u1ef1c t\u1ed1t, gi\u00fap xe v\u1eadn h\u00e0nh \u1ed5n \u0111\u1ecbnh v\u00e0 an to\u00e0n tr\u00ean m\u1ecdi \u0111\u1ecba h\u00ecnh. Thi\u1ebft k\u1ebf khung t\u1ed1i \u01b0u kh\u00f4ng ch\u1ec9 n\u00e2ng cao \u0111\u1ed9 b\u1ec1n m\u00e0 c\u00f2n k\u00e9o d\u00e0i tu\u1ed5i th\u1ecd xe, mang \u0111\u1ebfn tr\u1ea3i nghi\u1ec7m l\u00e1i v\u1eefng ch\u00e3i v\u00e0 \u0111\u00e1ng tin c\u1eady.<\/p>\n<p>&nbsp;<\/p>\n<p><a href=\"https:\/\/xediendungphung.com\/wp-content\/uploads\/2025\/06\/Untitled-1.png\"><img decoding=\"async\" class=\"size-large wp-image-11122 aligncenter\" src=\"https:\/\/xediendungphung.com\/wp-content\/uploads\/2025\/06\/Untitled-1-683x1024.png\" alt=\"\" width=\"683\" height=\"1024\" srcset=\"https:\/\/xediendungphung.com\/wp-content\/uploads\/2025\/06\/Untitled-1-683x1024.png 683w, https:\/\/xediendungphung.com\/wp-content\/uploads\/2025\/06\/Untitled-1-200x300.png 200w, https:\/\/xediendungphung.com\/wp-content\/uploads\/2025\/06\/Untitled-1-768x1152.png 768w, https:\/\/xediendungphung.com\/wp-content\/uploads\/2025\/06\/Untitled-1-450x675.png 450w, https:\/\/xediendungphung.com\/wp-content\/uploads\/2025\/06\/Untitled-1.png 800w\" sizes=\"(max-width: 683px) 100vw, 683px\" \/><\/a><\/p>\n<p>&nbsp;<\/p>\n<p>Kazuki Libra \u0111\u1ed3ng h\u00e0nh c\u00f9ng b\u1ea1n tr\u00ean t\u1eebng ch\u1eb7ng \u0111\u01b0\u1eddng, mang \u0111\u1ebfn tr\u1ea3i nghi\u1ec7m tuy\u1ec7t v\u1eddi v\u00e0 kh\u1eb3ng \u0111\u1ecbnh phong c\u00e1ch c\u1ee7a b\u1ea1n trong m\u1ecdi ho\u00e0n c\u1ea3nh. M\u1ed7i v\u00f2ng quay c\u1ee7a Kazuki Libra kh\u00f4ng ch\u1ec9 l\u00e0 m\u1ed9t b\u01b0\u1edbc ti\u1ebfn tr\u00ean \u0111\u01b0\u1eddng, m\u00e0 c\u00f2n l\u00e0 m\u1ed9t b\u01b0\u1edbc ti\u1ebfn trong phong c\u00e1ch v\u00e0 \u0111\u1eb3ng c\u1ea5p.<\/p>\n<p style=\"text-align: center;\"><span style=\"font-size: 36pt;\">C\u00e2u h\u1ecfi th\u01b0\u1eddng g\u1eb7p khi mua xe<\/span><\/p>\n<p style=\"text-align: left;\"><strong>Xe c\u00f3 kh\u1ea3 n\u0103ng ch\u1ed1ng n\u01b0\u1edbc kh\u00f4ng?<\/strong><br \/>\nXe \u0111\u01b0\u1ee3c thi\u1ebft k\u1ebf t\u00ednh n\u0103ng ch\u1ed1ng n\u01b0\u1edbc IP67, gi\u00fap b\u1ea3o v\u1ec7 c\u00e1c linh ki\u1ec7n quan tr\u1ecdng trong \u0111i\u1ec1u ki\u1ec7n th\u1eddi ti\u1ebft x\u1ea5u. Ki\u1ec3m tra th\u00f4ng s\u1ed1 k\u1ef9 thu\u1eadt \u0111\u1ec3 bi\u1ebft xe c\u00f3 ti\u00eau chu\u1ea9n ch\u1ed1ng n\u01b0\u1edbc hay kh\u00f4ng.<\/p>\n<p>&nbsp;<\/p>\n<p style=\"text-align: left;\"><strong>Xe c\u00f3 kh\u1ea3 n\u0103ng di chuy\u1ec3n xa bao nhi\u00eau sau m\u1ed7i l\u1ea7n s\u1ea1c?<\/strong><br \/>\nQu\u00e1 tr\u00ecnh di chuy\u1ec3n sau m\u1ed7i l\u1ea7n s\u1ea1c \u0111\u1ea7y ph\u1ee5 thu\u1ed9c v\u00e0o dung l\u01b0\u1ee3ng pin v\u00e0 \u0111i\u1ec1u ki\u1ec7n l\u00e1i xe. Nhi\u1ec1u xe \u0111i\u1ec7n c\u00f3 th\u1ec3 di chuy\u1ec3n 80km m\u1ed7i l\u1ea7n s\u1ea1c. Xem x\u00e9t th\u00f4ng s\u1ed1 k\u1ef9 thu\u1eadt \u0111\u1ec3 bi\u1ebft kho\u1ea3ng c\u00e1ch c\u1ee5 th\u1ec3.<\/p>\n<p>&nbsp;<\/p>\n<p style=\"text-align: left;\"><strong>Xe c\u00f3 c\u00e1c ch\u1ebf \u0111\u1ed9 l\u00e1i kh\u00e1c nhau kh\u00f4ng?<\/strong><br \/>\nXe cung c\u1ea5p 2 ch\u1ebf \u0111\u1ed9 l\u00e1i \u0111\u1ec3 ph\u00f9 h\u1ee3p v\u1edbi c\u00e1c \u0111i\u1ec1u ki\u1ec7n v\u00e0 nhu c\u1ea7u kh\u00e1c nhau, ch\u1eb3ng h\u1ea1n nh\u01b0 ch\u1ebf \u0111\u1ed9 ti\u1ebft ki\u1ec7m nhi\u00ean li\u1ec7u, ch\u1ebf \u0111\u1ed9 th\u1ec3 thao, ho\u1eb7c ch\u1ebf \u0111\u1ed9 \u0111\u1ecba h\u00ecnh. Ki\u1ec3m tra c\u00e1c ch\u1ebf \u0111\u1ed9 l\u00e1i c\u00f3 s\u1eb5n tr\u00ean xe b\u1ea1n quan t\u00e2m.<\/p>\n<p>&nbsp;<\/p>\n<p style=\"text-align: left;\"><strong>Xe c\u00f3 kh\u1ea3 n\u0103ng ch\u1ed1ng tr\u1ed9m v\u00e0 h\u1ec7 th\u1ed1ng an ninh kh\u00f4ng?<\/strong><br \/>\nM\u1ed9t s\u1ed1 xe \u0111\u01b0\u1ee3c trang b\u1ecb h\u1ec7 th\u1ed1ng ch\u1ed1ng tr\u1ed9m v\u00e0 c\u00e1c t\u00ednh n\u0103ng an ninh nh\u01b0 kh\u00f3a t\u1eeb , c\u1ea3nh b\u00e1o khi c\u00f3 s\u1ef1 x\u00e2m nh\u1eadp, v\u00e0 thi\u1ebft b\u1ecb \u0111\u1ecbnh v\u1ecb. \u0110\u1ea3m b\u1ea3o xe c\u00f3 c\u00e1c t\u00ednh n\u0103ng an ninh ph\u00f9 h\u1ee3p v\u1edbi nhu c\u1ea7u c\u1ee7a b\u1ea1n.<\/p>\n","protected":false},"excerpt":{"rendered":"<p>Kazuki Slay H\u00c3NG XE: DTP PH\u1ee4 KI\u1ec6N \u0110I K\u00c8M G\u01af\u01a0NG S\u1ea0C S\u1ed4 B\u1ea2O H\u00c0NH \u0110\u1eb6C \u0110I\u1ec2M B\u1ea2O V\u1ec6 D\u00d2NG 30 + \/ \u2013 2A B\u1ea2O V\u1ec6 T\u1ee4T \u00c1P 42 + \/ \u2013 0.5V L\u1ed0P Kh\u00f4ng s\u0103m PHANH TR\u01af\u1edaC\/ PHANH SAU Phanh c\u01a1 DUNG T\u00cdCH B\u00ccNH 4 acquy l\u1edbn 20A theo xe TR\u1eccNG L\u01af\u1ee2NG XE 82 [&hellip;]<\/p>\n","protected":false},"featured_media":10707,"template":"","meta":{"_acf_changed":false},"product_cat":[183,31],"product_tag":[],"class_list":{"0":"post-10676","1":"product","2":"type-product","3":"status-publish","4":"has-post-thumbnail","6":"product_brand-kazuki","7":"product_cat-xe-dien","8":"product_cat-xe-dien-co-ban-dap","10":"first","11":"instock","12":"shipping-taxable","13":"purchasable","14":"product-type-variable"},"acf":[],"_links":{"self":[{"href":"https:\/\/xediendungphung.com\/en\/wp-json\/wp\/v2\/product\/10676","targetHints":{"allow":["GET"]}}],"collection":[{"href":"https:\/\/xediendungphung.com\/en\/wp-json\/wp\/v2\/product"}],"about":[{"href":"https:\/\/xediendungphung.com\/en\/wp-json\/wp\/v2\/types\/product"}],"wp:featuredmedia":[{"embeddable":true,"href":"https:\/\/xediendungphung.com\/en\/wp-json\/wp\/v2\/media\/10707"}],"wp:attachment":[{"href":"https:\/\/xediendungphung.com\/en\/wp-json\/wp\/v2\/media?parent=10676"}],"wp:term":[{"taxonomy":"product_cat","embeddable":true,"href":"https:\/\/xediendungphung.com\/en\/wp-json\/wp\/v2\/product_cat?post=10676"},{"taxonomy":"product_tag","embeddable":true,"href":"https:\/\/xediendungphung.com\/en\/wp-json\/wp\/v2\/product_tag?post=10676"}],"curies":[{"name":"wp","href":"https:\/\/api.w.org\/{rel}","templated":true}]}}