
{"id":10734,"date":"2025-06-02T15:41:33","date_gmt":"2025-06-02T08:41:33","guid":{"rendered":"https:\/\/xediendungphung.com\/?post_type=product&#038;p=10734"},"modified":"2025-11-11T22:55:54","modified_gmt":"2025-11-11T15:55:54","slug":"xe-may-dien-espero-e-sync","status":"publish","type":"product","link":"https:\/\/xediendungphung.com\/en\/product\/xe-may-dien-espero-e-sync\/","title":{"rendered":"XE \u0110I\u1ec6N ESPERO E-SYNC"},"content":{"rendered":"<p style=\"text-align: center;\"><span style=\"font-size: 36pt;\">T\u00ednh n\u0103ng n\u1ed5i b\u1eadt<\/span><\/p>\n<p><strong>Thi\u1ebft k\u1ebf<\/strong><\/p>\n<p>&nbsp;<\/p>\n<p><a href=\"https:\/\/xediendungphung.com\/wp-content\/uploads\/2025\/06\/TK.png\"><img fetchpriority=\"high\" decoding=\"async\" class=\"aligncenter wp-image-11104 size-full\" src=\"https:\/\/xediendungphung.com\/wp-content\/uploads\/2025\/06\/TK.png\" alt=\"\" width=\"1280\" height=\"856\" srcset=\"https:\/\/xediendungphung.com\/wp-content\/uploads\/2025\/06\/TK.png 1280w, https:\/\/xediendungphung.com\/wp-content\/uploads\/2025\/06\/TK-300x201.png 300w, https:\/\/xediendungphung.com\/wp-content\/uploads\/2025\/06\/TK-1024x685.png 1024w, https:\/\/xediendungphung.com\/wp-content\/uploads\/2025\/06\/TK-768x514.png 768w, https:\/\/xediendungphung.com\/wp-content\/uploads\/2025\/06\/TK-450x301.png 450w, https:\/\/xediendungphung.com\/wp-content\/uploads\/2025\/06\/TK-800x535.png 800w\" sizes=\"(max-width: 1280px) 100vw, 1280px\" \/><\/a><\/p>\n<p>&nbsp;<\/p>\n<p>Di\u1ec7n m\u1ea1o m\u1edbi l\u1ea1 v\u00e0 th\u1eddi th\u01b0\u1ee3ng, \u0111\u1eb7c bi\u1ec7t ph\u00f9 h\u1ee3p v\u1edbi c\u00e1c b\u1ea1n h\u1ecdc sinh, sinh vi\u00ean. D\u1ea3i \u0111\u00e8n LED v\u00e0 \u0111\u00e8n xi nhan \u0111\u01b0\u1ee3c thi\u1ebft k\u1ebf \u00f4m s\u00e1t d\u1ea1ng c\u00e1nh y\u1ebfm, t\u1ea1o n\u00ean v\u1ebb ngo\u00e0i c\u00e1 t\u00ednh v\u00e0 hi\u1ec7n \u0111\u1ea1i.<\/p>\n<p>\u0110\u1ed9ng c\u01a1<\/p>\n<p>&nbsp;<\/p>\n<p><a href=\"https:\/\/xediendungphung.com\/wp-content\/uploads\/2025\/06\/DC.png\"><img decoding=\"async\" class=\"size-full wp-image-11102 aligncenter\" src=\"https:\/\/xediendungphung.com\/wp-content\/uploads\/2025\/06\/DC.png\" alt=\"\" width=\"1280\" height=\"856\" srcset=\"https:\/\/xediendungphung.com\/wp-content\/uploads\/2025\/06\/DC.png 1280w, https:\/\/xediendungphung.com\/wp-content\/uploads\/2025\/06\/DC-300x201.png 300w, https:\/\/xediendungphung.com\/wp-content\/uploads\/2025\/06\/DC-1024x685.png 1024w, https:\/\/xediendungphung.com\/wp-content\/uploads\/2025\/06\/DC-768x514.png 768w, https:\/\/xediendungphung.com\/wp-content\/uploads\/2025\/06\/DC-450x301.png 450w, https:\/\/xediendungphung.com\/wp-content\/uploads\/2025\/06\/DC-800x535.png 800w\" sizes=\"(max-width: 1280px) 100vw, 1280px\" \/><\/a><\/p>\n<p>&nbsp;<\/p>\n<p>Xe c\u00f3 t\u1ed1c \u0111\u1ed9 l\u00ean t\u1edbi 50km\/h v\u00e0 c\u00f4ng su\u1ea5t t\u1ed1i \u0111a 1050W. V\u1edbi c\u00f4ng ngh\u1ec7 h\u1ed3i \u0111i\u1ec7n IC ti\u00ean ti\u1ebfn, xe c\u00f3 kh\u1ea3 n\u0103ng ti\u1ebft ki\u1ec7m \u0111i\u1ec7n t\u1ed1i \u0111a v\u00e0 \u0111\u1ea1t hi\u1ec7u su\u1ea5t di chuy\u1ec3n t\u1edbi 90km trong m\u1ed9t l\u1ea7n s\u1ea1c.<\/p>\n<p>Ngo\u00e0i ra, xe \u0111\u01b0\u1ee3c trang b\u1ecb \u0111\u1ed9ng c\u01a1 ch\u1ed1ng n\u01b0\u1edbc IPX7, \u0111\u1ea3m b\u1ea3o v\u1eadn h\u00e0nh b\u1ec1n b\u1ec9 trong m\u1ecdi \u0111i\u1ec1u ki\u1ec7n th\u1eddi ti\u1ebft. H\u1ec7 th\u1ed1ng gi\u1ea3m ch\u1ea5n gi\u1ea3m x\u00f3c thu\u1ef7 l\u1ef1c, phanh \u0111\u0129a an to\u00e0n v\u00e0 v\u00e0nh xe h\u1ee3p kim la-z\u0103ng gi\u00fap cho m\u1ecdi h\u00e0nh tr\u00ecnh \u0111\u1ec1u \u00eam \u00e1i v\u00e0 an to\u00e0n.<\/p>\n<p>&nbsp;<\/p>\n<p><strong>\u0110\u00e8n pha<\/strong><\/p>\n<p>&nbsp;<\/p>\n<p><a href=\"https:\/\/xediendungphung.com\/wp-content\/uploads\/2025\/06\/DP.png\"><img decoding=\"async\" class=\"alignnone size-full wp-image-11100\" src=\"https:\/\/xediendungphung.com\/wp-content\/uploads\/2025\/06\/DP.png\" alt=\"\" width=\"1280\" height=\"856\" srcset=\"https:\/\/xediendungphung.com\/wp-content\/uploads\/2025\/06\/DP.png 1280w, https:\/\/xediendungphung.com\/wp-content\/uploads\/2025\/06\/DP-300x201.png 300w, https:\/\/xediendungphung.com\/wp-content\/uploads\/2025\/06\/DP-1024x685.png 1024w, https:\/\/xediendungphung.com\/wp-content\/uploads\/2025\/06\/DP-768x514.png 768w, https:\/\/xediendungphung.com\/wp-content\/uploads\/2025\/06\/DP-450x301.png 450w, https:\/\/xediendungphung.com\/wp-content\/uploads\/2025\/06\/DP-800x535.png 800w\" sizes=\"(max-width: 1280px) 100vw, 1280px\" \/><\/a><\/p>\n<p>&nbsp;<\/p>\n<p>\u0110\u00e8n pha LED bi c\u1ea7u n\u1ed5i b\u1eadt v\u1edbi thi\u1ebft k\u1ebf \u0111\u1ed9c \u0111\u00e1o, \u0111i k\u00e8m d\u1ea3i trang tr\u00ed si\u00eau s\u00e1ng. H\u1ec7 th\u1ed1ng \u0111\u00e8n c\u00f3 kh\u1ea3 n\u0103ng chi\u1ebfu s\u00e1ng r\u00f5 n\u00e9t, ti\u1ebft ki\u1ec7m \u0111i\u1ec7n n\u0103ng, to\u1ea3 nhi\u1ec7t th\u1ea5p v\u00e0 \u0111\u1ea3m b\u1ea3o an to\u00e0n khi s\u1eed d\u1ee5ng trong th\u1eddi gian d\u00e0i.<\/p>\n<p>&nbsp;<\/p>\n<p><strong>C\u00f4ng ngh\u1ec7<\/strong><\/p>\n<p>&nbsp;<\/p>\n<p><a href=\"https:\/\/xediendungphung.com\/wp-content\/uploads\/2025\/06\/CN.png\"><img loading=\"lazy\" decoding=\"async\" class=\"alignnone size-full wp-image-11098\" src=\"https:\/\/xediendungphung.com\/wp-content\/uploads\/2025\/06\/CN.png\" alt=\"\" width=\"1280\" height=\"856\" srcset=\"https:\/\/xediendungphung.com\/wp-content\/uploads\/2025\/06\/CN.png 1280w, https:\/\/xediendungphung.com\/wp-content\/uploads\/2025\/06\/CN-300x201.png 300w, https:\/\/xediendungphung.com\/wp-content\/uploads\/2025\/06\/CN-1024x685.png 1024w, https:\/\/xediendungphung.com\/wp-content\/uploads\/2025\/06\/CN-768x514.png 768w, https:\/\/xediendungphung.com\/wp-content\/uploads\/2025\/06\/CN-450x301.png 450w, https:\/\/xediendungphung.com\/wp-content\/uploads\/2025\/06\/CN-800x535.png 800w\" sizes=\"(max-width: 1280px) 100vw, 1280px\" \/><\/a><\/p>\n<p>&nbsp;<\/p>\n<p>Xe \u0111\u01b0\u1ee3c trang b\u1ecb \u0111\u1ed3ng h\u1ed3 c\u00f4ng ngh\u1ec7 NFC th\u00f4ng minh, cho ph\u00e9p m\u1edf v\u00e0 kh\u00f3a xe ti\u1ec7n l\u1ee3i b\u1eb1ng th\u1ebb t\u1eeb. Khi qu\u1eb9t th\u1ebb k\u1ebft h\u1ee3p b\u00f3p phanh ho\u1eb7c t\u1eaft kh\u00f3a \u0111i\u1ec7n, xe s\u1ebd t\u1ef1 \u0111\u1ed9ng k\u00edch ho\u1ea1t h\u1ec7 th\u1ed1ng ch\u1ed1ng tr\u1ed9m an to\u00e0n.<\/p>\n<p><strong>Kh\u00e1c<\/strong><\/p>\n<p>&nbsp;<\/p>\n<p><a href=\"https:\/\/xediendungphung.com\/wp-content\/uploads\/2025\/06\/KHAC.png\"><img loading=\"lazy\" decoding=\"async\" class=\"alignnone size-full wp-image-11096\" src=\"https:\/\/xediendungphung.com\/wp-content\/uploads\/2025\/06\/KHAC.png\" alt=\"\" width=\"1280\" height=\"856\" srcset=\"https:\/\/xediendungphung.com\/wp-content\/uploads\/2025\/06\/KHAC.png 1280w, https:\/\/xediendungphung.com\/wp-content\/uploads\/2025\/06\/KHAC-300x201.png 300w, https:\/\/xediendungphung.com\/wp-content\/uploads\/2025\/06\/KHAC-1024x685.png 1024w, https:\/\/xediendungphung.com\/wp-content\/uploads\/2025\/06\/KHAC-768x514.png 768w, https:\/\/xediendungphung.com\/wp-content\/uploads\/2025\/06\/KHAC-450x301.png 450w, https:\/\/xediendungphung.com\/wp-content\/uploads\/2025\/06\/KHAC-800x535.png 800w\" sizes=\"(max-width: 1280px) 100vw, 1280px\" \/><\/a><\/p>\n<p>&nbsp;<\/p>\n<p>Trang b\u1ecb c\u1ed5ng s\u1ea1c USB thu\u1eadn ti\u1ec7n<br \/>\n\u0110\u1ed3ng h\u1ed3 LCD s\u1eafc n\u00e9t, hi\u1ec3n th\u1ecb th\u00f4ng tin r\u00f5 r\u00e0ng<br \/>\nL\u1ed1p kh\u00f4ng s\u0103m c\u1ee1 l\u1edbn, b\u00e1m \u0111\u01b0\u1eddng t\u1ed1t<\/p>\n<p style=\"text-align: center;\"><span style=\"font-size: 36pt;\">Th\u00f4ng s\u1ed1 s\u1ea3n ph\u1ea9m<\/span><\/p>\n<p><strong>K\u00cdCH TH\u01af\u1edaC<\/strong><\/p>\n<table style=\"border-collapse: collapse; width: 100%;\">\n<tbody>\n<tr>\n<td style=\"width: 50%;\">Ki\u0301ch th\u01b0\u01a1\u0301c<\/td>\n<td style=\"width: 50%;\">1710 x 740 x 1030 mm<\/td>\n<\/tr>\n<tr>\n<td style=\"width: 50%;\">Kh\u00f4\u0301i l\u01b0\u01a1\u0323ng ba\u0309n th\u00e2n<\/td>\n<td style=\"width: 50%;\">80kg<\/td>\n<\/tr>\n<tr>\n<td style=\"width: 50%;\">Chi\u00ea\u0300u da\u0300i c\u01a1 s\u01a1\u0309<\/td>\n<td style=\"width: 50%;\">1230 mm<\/td>\n<\/tr>\n<tr>\n<td style=\"width: 50%;\">Chi\u00ea\u0300u cao gh\u00ea\u0301 ng\u00f4\u0300i<\/td>\n<td style=\"width: 50%;\">760 mm<\/td>\n<\/tr>\n<\/tbody>\n<\/table>\n<p>&nbsp;<\/p>\n<p><strong>KHUNG XE<\/strong><\/p>\n<p>&nbsp;<\/p>\n<table style=\"border-collapse: collapse; width: 100%;\">\n<tbody>\n<tr>\n<td style=\"width: 50%;\">C\u1ee1 l\u1ed1p tr\u01b0\u1edbc<\/td>\n<td style=\"width: 50%;\">3.00 -10 L\u1ed1p kh\u00f4ng s\u0103m<\/td>\n<\/tr>\n<tr>\n<td style=\"width: 50%;\">C\u1ee1 l\u1ed1p sau<\/td>\n<td style=\"width: 50%;\">3.00 -10 L\u1ed1p kh\u00f4ng s\u0103m<\/td>\n<\/tr>\n<tr>\n<td style=\"width: 50%;\">Phu\u00f4\u0323c tr\u01b0\u01a1\u0301c<\/td>\n<td style=\"width: 50%;\">\u1ed0ng l\u1ed3ng, gi\u1ea3m ch\u1ea5n th\u1ee7y l\u1ef1c<\/td>\n<\/tr>\n<tr>\n<td style=\"width: 50%;\">Phu\u00f4\u0323c sau<\/td>\n<td style=\"width: 50%;\">L\u00f2 xo tr\u1ee5 \u0111\u01a1n, gi\u1ea3m ch\u1ea5n th\u1ee7y l\u1ef1c<\/td>\n<\/tr>\n<\/tbody>\n<\/table>\n<p>&nbsp;<\/p>\n<p><strong>\u0110\u1ed8NG C\u01a0<\/strong><\/p>\n<table style=\"border-collapse: collapse; width: 100%;\">\n<tbody>\n<tr>\n<td style=\"width: 50%;\">\u0110\u1ed9ng c\u01a1 \u0111i\u1ec7n, c\u00f4ng su\u1ea5t (Max)<\/td>\n<td style=\"width: 50%;\">1050 W<\/td>\n<\/tr>\n<tr>\n<td style=\"width: 50%;\">Phanh tr\u01b0\u1edbc \/ sau<\/td>\n<td style=\"width: 50%;\">\u0110\u0129a \/ c\u01a1<\/td>\n<\/tr>\n<tr>\n<td style=\"width: 50%;\">B\u1ea3o v\u1ec7 s\u1ee5t \u00e1p<\/td>\n<td style=\"width: 50%;\">42V \u00b1 1<\/td>\n<\/tr>\n<tr>\n<td style=\"width: 50%;\">B\u1ea3o v\u1ec7 qu\u00e1 d\u00f2ng<\/td>\n<td style=\"width: 50%;\">25A \u00b1 1<\/td>\n<\/tr>\n<tr>\n<td style=\"width: 50%;\">T\u1ed1c \u0111\u1ed9 t\u1ed1i \u0111a<\/td>\n<td style=\"width: 50%;\">50<\/td>\n<\/tr>\n<tr>\n<td style=\"width: 50%;\">Qu\u00e3ng \u0111\u01b0\u1eddng \/ s\u1ea1c<\/td>\n<td style=\"width: 50%;\">T\u1ed1i \u0111a 90km ( T\u00f9y thu\u1ed9c v\u00e0o t\u00f4c \u0111\u1ed9 di chuy\u1ec3n v\u00e0 t\u1ea3i tr\u1ecdng)<\/td>\n<\/tr>\n<tr>\n<td style=\"width: 50%;\">Th\u1eddi gian s\u1ea1c<\/td>\n<td style=\"width: 50%;\">8 \u2013 12 h<\/td>\n<\/tr>\n<tr>\n<td style=\"width: 50%;\">\u1eaec quy axit ch\u00ec<\/td>\n<td style=\"width: 50%;\">48V Battery Pack (4 x 12V) 20Ah or 48V (4 x 12V) 26Ah<\/td>\n<\/tr>\n<\/tbody>\n<\/table>\n<p><strong>B\u1ea2O H\u00ccNH<\/strong><\/p>\n<table style=\"border-collapse: collapse; width: 100%;\">\n<tbody>\n<tr>\n<td style=\"width: 50%;\">\u0110\u1ed9ng c\u01a1 &#8211; IC<\/td>\n<td style=\"width: 50%;\">B\u1ea3o h\u00e0nh 3 n\u0103m t\u01b0\u01a1ng \u0111\u01b0\u01a1ng 30.000km<\/td>\n<\/tr>\n<tr>\n<td style=\"width: 50%;\">\u0110\u00e8n &#8211; c\u00f2i &#8211; xi nhan<\/td>\n<td style=\"width: 50%;\">B\u1ea3o h\u00e0nh 1 n\u0103m t\u01b0\u01a1ng \u0111\u01b0\u01a1ng 10.000km<\/td>\n<\/tr>\n<tr>\n<td style=\"width: 50%;\">\u0110\u1ed5i ngu\u1ed3n<\/td>\n<td style=\"width: 50%;\">B\u1ea3o h\u00e0nh 1 n\u0103m t\u01b0\u01a1ng \u0111\u01b0\u01a1ng 10.000km<\/td>\n<\/tr>\n<tr>\n<td style=\"width: 50%;\">D\u00e2y \u0111i\u1ec7n<\/td>\n<td style=\"width: 50%;\">B\u1ea3o h\u00e0nh 1 n\u0103m t\u01b0\u01a1ng \u0111\u01b0\u01a1ng 10.000km<\/td>\n<\/tr>\n<tr>\n<td style=\"width: 50%;\">H\u1ec7 th\u1ed1ng phanh \u0111\u0129a<\/td>\n<td style=\"width: 50%;\">B\u1ea3o h\u00e0nh 1 n\u0103m t\u01b0\u01a1ng \u0111\u01b0\u01a1ng 10.000km<\/td>\n<\/tr>\n<tr>\n<td style=\"width: 50%;\">H\u1ec7 th\u1ed1ng gi\u1ea3m s\u00f3c tr\u01b0\u1edbc\/sau<\/td>\n<td style=\"width: 50%;\">B\u1ea3o h\u00e0nh 1 n\u0103m t\u01b0\u01a1ng \u0111\u01b0\u01a1ng 10.000km<\/td>\n<\/tr>\n<tr>\n<td style=\"width: 50%;\">H\u1ec7 th\u1ed1ng c\u00f4ng t\u1eafc<\/td>\n<td style=\"width: 50%;\">B\u1ea3o h\u00e0nh 1 n\u0103m t\u01b0\u01a1ng \u0111\u01b0\u01a1ng 10.000km<\/td>\n<\/tr>\n<tr>\n<td style=\"width: 50%;\">Ph\u1ee5 ki\u1ec7n trang tr\u00ed<\/td>\n<td style=\"width: 50%;\">B\u1ea3o h\u00e0nh 1 n\u0103m t\u01b0\u01a1ng \u0111\u01b0\u01a1ng 10.000km<\/td>\n<\/tr>\n<tr>\n<td style=\"width: 50%;\">\u1eaec quy<\/td>\n<td style=\"width: 50%;\">B\u1ea3o h\u00e0nh 2 n\u0103m<\/td>\n<\/tr>\n<\/tbody>\n<\/table>\n","protected":false},"excerpt":{"rendered":"<p>T\u00ednh n\u0103ng n\u1ed5i b\u1eadt Thi\u1ebft k\u1ebf &nbsp; &nbsp; Di\u1ec7n m\u1ea1o m\u1edbi l\u1ea1 v\u00e0 th\u1eddi th\u01b0\u1ee3ng, \u0111\u1eb7c bi\u1ec7t ph\u00f9 h\u1ee3p v\u1edbi c\u00e1c b\u1ea1n h\u1ecdc sinh, sinh vi\u00ean. D\u1ea3i \u0111\u00e8n LED v\u00e0 \u0111\u00e8n xi nhan \u0111\u01b0\u1ee3c thi\u1ebft k\u1ebf \u00f4m s\u00e1t d\u1ea1ng c\u00e1nh y\u1ebfm, t\u1ea1o n\u00ean v\u1ebb ngo\u00e0i c\u00e1 t\u00ednh v\u00e0 hi\u1ec7n \u0111\u1ea1i. \u0110\u1ed9ng c\u01a1 &nbsp; &nbsp; Xe [&hellip;]<\/p>\n","protected":false},"featured_media":10753,"template":"","meta":{"_acf_changed":false},"product_cat":[183,31],"product_tag":[],"class_list":{"0":"post-10734","1":"product","2":"type-product","3":"status-publish","4":"has-post-thumbnail","6":"product_brand-detech","7":"product_cat-xe-dien","8":"product_cat-xe-dien-co-ban-dap","10":"first","11":"instock","12":"shipping-taxable","13":"purchasable","14":"product-type-variable"},"acf":[],"_links":{"self":[{"href":"https:\/\/xediendungphung.com\/en\/wp-json\/wp\/v2\/product\/10734","targetHints":{"allow":["GET"]}}],"collection":[{"href":"https:\/\/xediendungphung.com\/en\/wp-json\/wp\/v2\/product"}],"about":[{"href":"https:\/\/xediendungphung.com\/en\/wp-json\/wp\/v2\/types\/product"}],"wp:featuredmedia":[{"embeddable":true,"href":"https:\/\/xediendungphung.com\/en\/wp-json\/wp\/v2\/media\/10753"}],"wp:attachment":[{"href":"https:\/\/xediendungphung.com\/en\/wp-json\/wp\/v2\/media?parent=10734"}],"wp:term":[{"taxonomy":"product_cat","embeddable":true,"href":"https:\/\/xediendungphung.com\/en\/wp-json\/wp\/v2\/product_cat?post=10734"},{"taxonomy":"product_tag","embeddable":true,"href":"https:\/\/xediendungphung.com\/en\/wp-json\/wp\/v2\/product_tag?post=10734"}],"curies":[{"name":"wp","href":"https:\/\/api.w.org\/{rel}","templated":true}]}}