
{"id":11488,"date":"2025-06-19T21:10:13","date_gmt":"2025-06-19T14:10:13","guid":{"rendered":"https:\/\/xediendungphung.com\/?post_type=product&#038;p=11488"},"modified":"2025-11-11T22:45:26","modified_gmt":"2025-11-11T15:45:26","slug":"espero-weezee","status":"publish","type":"product","link":"https:\/\/xediendungphung.com\/en\/product\/espero-weezee\/","title":{"rendered":"Xe \u0110\u1ea1p \u0110i\u1ec7n ESPERO WEEZEE PLUS"},"content":{"rendered":"<p>Tuy c\u00e2n n\u1eb7ng c\u1ee7a xe ch\u1ec9 40kg nh\u01b0ng v\u1eabn khi\u1ebfn b\u1ea1n h\u1ebft h\u1ed3n v\u1edbi kh\u1ea3 n\u0103ng ch\u1ea1y xa v\u00e0 \u0111\u1ed9ng c\u01a1 m\u1ea1nh m\u1ebd<br \/>\nC\u00f3 b\u00e0n \u0111\u1ea1p thu\u1eadn ti\u1ec7n cho qu\u00e1 tr\u00ecnh s\u1eed d\u1ee5ng, kh\u00f4ng c\u00f2n n\u1ed7i lo h\u1ebft pin.<br \/>\nH\u1ecdc sinh c\u1ea5p 2 s\u1eed d\u1ee5ng \u0111\u01b0\u1ee3c.<\/p>\n","protected":false},"excerpt":{"rendered":"<p>Tuy c\u00e2n n\u1eb7ng c\u1ee7a xe ch\u1ec9 40kg nh\u01b0ng v\u1eabn khi\u1ebfn b\u1ea1n h\u1ebft h\u1ed3n v\u1edbi kh\u1ea3 n\u0103ng ch\u1ea1y xa v\u00e0 \u0111\u1ed9ng c\u01a1 m\u1ea1nh m\u1ebd C\u00f3 b\u00e0n \u0111\u1ea1p thu\u1eadn ti\u1ec7n cho qu\u00e1 tr\u00ecnh s\u1eed d\u1ee5ng, kh\u00f4ng c\u00f2n n\u1ed7i lo h\u1ebft pin. H\u1ecdc sinh c\u1ea5p 2 s\u1eed d\u1ee5ng \u0111\u01b0\u1ee3c.<\/p>\n","protected":false},"featured_media":12311,"template":"","meta":{"_acf_changed":false},"product_cat":[183,31],"product_tag":[],"class_list":{"0":"post-11488","1":"product","2":"type-product","3":"status-publish","4":"has-post-thumbnail","6":"product_brand-detech","7":"product_cat-xe-dien","8":"product_cat-xe-dien-co-ban-dap","10":"first","11":"instock","12":"shipping-taxable","13":"purchasable","14":"product-type-variable"},"acf":[],"_links":{"self":[{"href":"https:\/\/xediendungphung.com\/en\/wp-json\/wp\/v2\/product\/11488","targetHints":{"allow":["GET"]}}],"collection":[{"href":"https:\/\/xediendungphung.com\/en\/wp-json\/wp\/v2\/product"}],"about":[{"href":"https:\/\/xediendungphung.com\/en\/wp-json\/wp\/v2\/types\/product"}],"wp:featuredmedia":[{"embeddable":true,"href":"https:\/\/xediendungphung.com\/en\/wp-json\/wp\/v2\/media\/12311"}],"wp:attachment":[{"href":"https:\/\/xediendungphung.com\/en\/wp-json\/wp\/v2\/media?parent=11488"}],"wp:term":[{"taxonomy":"product_cat","embeddable":true,"href":"https:\/\/xediendungphung.com\/en\/wp-json\/wp\/v2\/product_cat?post=11488"},{"taxonomy":"product_tag","embeddable":true,"href":"https:\/\/xediendungphung.com\/en\/wp-json\/wp\/v2\/product_tag?post=11488"}],"curies":[{"name":"wp","href":"https:\/\/api.w.org\/{rel}","templated":true}]}}