
{"id":11539,"date":"2025-06-19T21:56:25","date_gmt":"2025-06-19T14:56:25","guid":{"rendered":"https:\/\/xediendungphung.com\/?post_type=product&#038;p=11539"},"modified":"2025-11-11T22:36:12","modified_gmt":"2025-11-11T15:36:12","slug":"xe-dap-nu-taik","status":"publish","type":"product","link":"https:\/\/xediendungphung.com\/en\/product\/xe-dap-nu-taik\/","title":{"rendered":"Xe \u0111\u1ea1p n\u1eef TAIK kem size 24\/26 2024"},"content":{"rendered":"<p>Xe \u0111\u1ea1p n\u1eef Taik \u2013 chi\u1ebfc xe \u0111\u1ea1p \u0111\u01b0\u1ee3c thi\u1ebft k\u1ebf tinh t\u1ebf d\u00e0nh ri\u00eang cho ph\u00e1i \u0111\u1eb9p, n\u01a1i phong c\u00e1ch th\u1eddi trang h\u00f2a quy\u1ec7n c\u00f9ng s\u1ee9c m\u1ea1nh b\u1ec1n b\u1ec9. V\u1edbi khung h\u1ee3p kim th\u00e9p v\u00e0 h\u1ec7 th\u1ed1ng chuy\u1ec3n s\u1ed1 m\u01b0\u1ee3t m\u00e0, Taik mang \u0111\u1ebfn tr\u1ea3i nghi\u1ec7m v\u1eadn h\u00e0nh \u0111\u1ea7y linh ho\u1ea1t. Kh\u00f4ng ch\u1ec9 l\u00e0 ph\u01b0\u01a1ng ti\u1ec7n di chuy\u1ec3n, xe \u0111\u1ea1p n\u1eef Taik c\u00f2n t\u00f4n vinh v\u1ebb \u0111\u1eb9p hi\u1ec7n \u0111\u1ea1i c\u1ee7a ph\u1ee5 n\u1eef tr\u00ean m\u1ecdi cung \u0111\u01b0\u1eddng.<\/p>\n","protected":false},"excerpt":{"rendered":"<p>Xe \u0111\u1ea1p n\u1eef Taik \u2013 chi\u1ebfc xe \u0111\u1ea1p \u0111\u01b0\u1ee3c thi\u1ebft k\u1ebf tinh t\u1ebf d\u00e0nh ri\u00eang cho ph\u00e1i \u0111\u1eb9p, n\u01a1i phong c\u00e1ch th\u1eddi trang h\u00f2a quy\u1ec7n c\u00f9ng s\u1ee9c m\u1ea1nh b\u1ec1n b\u1ec9. V\u1edbi khung h\u1ee3p kim th\u00e9p v\u00e0 h\u1ec7 th\u1ed1ng chuy\u1ec3n s\u1ed1 m\u01b0\u1ee3t m\u00e0, Taik mang \u0111\u1ebfn tr\u1ea3i nghi\u1ec7m v\u1eadn h\u00e0nh \u0111\u1ea7y linh ho\u1ea1t. Kh\u00f4ng ch\u1ec9 l\u00e0 [&hellip;]<\/p>\n","protected":false},"featured_media":11548,"template":"","meta":{"_acf_changed":false},"product_cat":[15,171],"product_tag":[],"class_list":{"0":"post-11539","1":"product","2":"type-product","3":"status-publish","4":"has-post-thumbnail","6":"product_brand-taik","7":"product_cat-xe-dap","8":"product_cat-xe-dap-hoc-sinh","10":"first","11":"instock","12":"shipping-taxable","13":"purchasable","14":"product-type-variable"},"acf":[],"_links":{"self":[{"href":"https:\/\/xediendungphung.com\/en\/wp-json\/wp\/v2\/product\/11539","targetHints":{"allow":["GET"]}}],"collection":[{"href":"https:\/\/xediendungphung.com\/en\/wp-json\/wp\/v2\/product"}],"about":[{"href":"https:\/\/xediendungphung.com\/en\/wp-json\/wp\/v2\/types\/product"}],"wp:featuredmedia":[{"embeddable":true,"href":"https:\/\/xediendungphung.com\/en\/wp-json\/wp\/v2\/media\/11548"}],"wp:attachment":[{"href":"https:\/\/xediendungphung.com\/en\/wp-json\/wp\/v2\/media?parent=11539"}],"wp:term":[{"taxonomy":"product_cat","embeddable":true,"href":"https:\/\/xediendungphung.com\/en\/wp-json\/wp\/v2\/product_cat?post=11539"},{"taxonomy":"product_tag","embeddable":true,"href":"https:\/\/xediendungphung.com\/en\/wp-json\/wp\/v2\/product_tag?post=11539"}],"curies":[{"name":"wp","href":"https:\/\/api.w.org\/{rel}","templated":true}]}}