
{"id":11562,"date":"2025-06-19T22:22:33","date_gmt":"2025-06-19T15:22:33","guid":{"rendered":"https:\/\/xediendungphung.com\/?post_type=product&#038;p=11562"},"modified":"2025-11-11T22:34:58","modified_gmt":"2025-11-11T15:34:58","slug":"xfeng-xe-dap-the-thao-be-trai-co-bo-chuyen-toc-size-20-22","status":"publish","type":"product","link":"https:\/\/xediendungphung.com\/en\/product\/xfeng-xe-dap-the-thao-be-trai-co-bo-chuyen-toc-size-20-22\/","title":{"rendered":"XFENG Xe \u0110\u1ea1p Th\u1ec3 Thao B\u00e9 Trai C\u00f3 B\u1ed9 Chuy\u1ec3n T\u1ed1c Size 20\/22"},"content":{"rendered":"<p>Xe \u0111\u1ea1p th\u1ec3 thao XFENG l\u00e0 m\u1ed9t trong nh\u1eefng m\u1eabu xe \u0111\u1ea1p \u0111\u01b0\u1ee3c thi\u1ebft k\u1ebf d\u00e0nh ri\u00eang cho tr\u1ebb em, \u0111\u1eb7c bi\u1ec7t ph\u00f9 h\u1ee3p v\u1edbi c\u00e1c b\u00e9 t\u1eeb 6 \u0111\u1ebfn 10 tu\u1ed5i. V\u1edbi k\u00edch th\u01b0\u1edbc b\u00e1nh 20\/22 inch v\u00e0 thi\u1ebft k\u1ebf th\u1ec3 thao m\u1ea1nh m\u1ebd, xe kh\u00f4ng ch\u1ec9 mang l\u1ea1i tr\u1ea3i nghi\u1ec7m di chuy\u1ec3n an to\u00e0n m\u00e0 c\u00f2n gi\u00fap b\u00e9 r\u00e8n luy\u1ec7n s\u1ee9c kh\u1ecfe v\u00e0 ph\u00e1t tri\u1ec3n th\u1ec3 ch\u1ea5t.<\/p>\n","protected":false},"excerpt":{"rendered":"<p>Xe \u0111\u1ea1p th\u1ec3 thao XFENG l\u00e0 m\u1ed9t trong nh\u1eefng m\u1eabu xe \u0111\u1ea1p \u0111\u01b0\u1ee3c thi\u1ebft k\u1ebf d\u00e0nh ri\u00eang cho tr\u1ebb em, \u0111\u1eb7c bi\u1ec7t ph\u00f9 h\u1ee3p v\u1edbi c\u00e1c b\u00e9 t\u1eeb 6 \u0111\u1ebfn 10 tu\u1ed5i. V\u1edbi k\u00edch th\u01b0\u1edbc b\u00e1nh 20\/22 inch v\u00e0 thi\u1ebft k\u1ebf th\u1ec3 thao m\u1ea1nh m\u1ebd, xe kh\u00f4ng ch\u1ec9 mang l\u1ea1i tr\u1ea3i nghi\u1ec7m di chuy\u1ec3n an [&hellip;]<\/p>\n","protected":false},"featured_media":11573,"template":"","meta":{"_acf_changed":false},"product_cat":[15,173],"product_tag":[],"class_list":{"0":"post-11562","1":"product","2":"type-product","3":"status-publish","4":"has-post-thumbnail","6":"product_brand-taik","7":"product_cat-xe-dap","8":"product_cat-xe-dap-the-thao","10":"first","11":"instock","12":"shipping-taxable","13":"purchasable","14":"product-type-variable"},"acf":[],"_links":{"self":[{"href":"https:\/\/xediendungphung.com\/en\/wp-json\/wp\/v2\/product\/11562","targetHints":{"allow":["GET"]}}],"collection":[{"href":"https:\/\/xediendungphung.com\/en\/wp-json\/wp\/v2\/product"}],"about":[{"href":"https:\/\/xediendungphung.com\/en\/wp-json\/wp\/v2\/types\/product"}],"wp:featuredmedia":[{"embeddable":true,"href":"https:\/\/xediendungphung.com\/en\/wp-json\/wp\/v2\/media\/11573"}],"wp:attachment":[{"href":"https:\/\/xediendungphung.com\/en\/wp-json\/wp\/v2\/media?parent=11562"}],"wp:term":[{"taxonomy":"product_cat","embeddable":true,"href":"https:\/\/xediendungphung.com\/en\/wp-json\/wp\/v2\/product_cat?post=11562"},{"taxonomy":"product_tag","embeddable":true,"href":"https:\/\/xediendungphung.com\/en\/wp-json\/wp\/v2\/product_tag?post=11562"}],"curies":[{"name":"wp","href":"https:\/\/api.w.org\/{rel}","templated":true}]}}