
{"id":11600,"date":"2025-06-20T08:50:08","date_gmt":"2025-06-20T01:50:08","guid":{"rendered":"https:\/\/xediendungphung.com\/?post_type=product&#038;p=11600"},"modified":"2025-11-11T22:22:40","modified_gmt":"2025-11-11T15:22:40","slug":"xe-dap-dien-tailg-gx30","status":"publish","type":"product","link":"https:\/\/xediendungphung.com\/en\/product\/xe-dap-dien-tailg-gx30\/","title":{"rendered":"Xe \u0111\u1ea1p \u0111i\u1ec7n TAILG GX30"},"content":{"rendered":"<p>Xe \u0111\u1ea1p \u0111i\u1ec7n TAILG GX30 l\u00e0 m\u1ed9t trong nh\u1eefng m\u1eabu xe \u0111\u1ea1p \u0111i\u1ec7n m\u1edbi nh\u1ea5t trong ph\u00e2n kh\u00fac t\u1ea7m trung t\u1ea1i Vi\u1ec7t Nam. V\u1edbi thi\u1ebft k\u1ebf \u1ea5n t\u01b0\u1ee3ng, \u0111\u1ed9ng c\u01a1 v\u1eadn h\u00e0nh m\u1ea1nh m\u1ebd v\u00e0 nhi\u1ec1u ti\u1ec7n \u00edch th\u00f4ng minh, TAILG GX30 h\u1ee9a h\u1eb9n s\u1ebd mang \u0111\u1ebfn nh\u1eefng tr\u1ea3i nghi\u1ec7m di chuy\u1ec3n \u1ea5n t\u01b0\u1ee3ng cho ng\u01b0\u1eddi d\u00f9ng. C\u00f9ng Workman \u0111i\u1ec3m danh nh\u1eefng \u0111i\u1ec3m n\u1ed5i b\u1eadt c\u1ee7a d\u00f2ng xe n\u00e0y \u0111\u1ec3 c\u00f3 \u0111\u00e1nh gi\u00e1 kh\u00e1ch quan nh\u1ea5t.<\/p>\n","protected":false},"excerpt":{"rendered":"<p>Xe \u0111\u1ea1p \u0111i\u1ec7n TAILG GX30 l\u00e0 m\u1ed9t trong nh\u1eefng m\u1eabu xe \u0111\u1ea1p \u0111i\u1ec7n m\u1edbi nh\u1ea5t trong ph\u00e2n kh\u00fac t\u1ea7m trung t\u1ea1i Vi\u1ec7t Nam. V\u1edbi thi\u1ebft k\u1ebf \u1ea5n t\u01b0\u1ee3ng, \u0111\u1ed9ng c\u01a1 v\u1eadn h\u00e0nh m\u1ea1nh m\u1ebd v\u00e0 nhi\u1ec1u ti\u1ec7n \u00edch th\u00f4ng minh, TAILG GX30 h\u1ee9a h\u1eb9n s\u1ebd mang \u0111\u1ebfn nh\u1eefng tr\u1ea3i nghi\u1ec7m di chuy\u1ec3n \u1ea5n t\u01b0\u1ee3ng cho [&hellip;]<\/p>\n","protected":false},"featured_media":11625,"template":"","meta":{"_acf_changed":false},"product_cat":[183,31],"product_tag":[],"class_list":{"0":"post-11600","1":"product","2":"type-product","3":"status-publish","4":"has-post-thumbnail","6":"product_brand-tailg","7":"product_cat-xe-dien","8":"product_cat-xe-dien-co-ban-dap","10":"first","11":"instock","12":"shipping-taxable","13":"purchasable","14":"product-type-variable"},"acf":[],"_links":{"self":[{"href":"https:\/\/xediendungphung.com\/en\/wp-json\/wp\/v2\/product\/11600","targetHints":{"allow":["GET"]}}],"collection":[{"href":"https:\/\/xediendungphung.com\/en\/wp-json\/wp\/v2\/product"}],"about":[{"href":"https:\/\/xediendungphung.com\/en\/wp-json\/wp\/v2\/types\/product"}],"wp:featuredmedia":[{"embeddable":true,"href":"https:\/\/xediendungphung.com\/en\/wp-json\/wp\/v2\/media\/11625"}],"wp:attachment":[{"href":"https:\/\/xediendungphung.com\/en\/wp-json\/wp\/v2\/media?parent=11600"}],"wp:term":[{"taxonomy":"product_cat","embeddable":true,"href":"https:\/\/xediendungphung.com\/en\/wp-json\/wp\/v2\/product_cat?post=11600"},{"taxonomy":"product_tag","embeddable":true,"href":"https:\/\/xediendungphung.com\/en\/wp-json\/wp\/v2\/product_tag?post=11600"}],"curies":[{"name":"wp","href":"https:\/\/api.w.org\/{rel}","templated":true}]}}