
{"id":11627,"date":"2025-06-20T09:13:22","date_gmt":"2025-06-20T02:13:22","guid":{"rendered":"https:\/\/xediendungphung.com\/?post_type=product&#038;p=11627"},"modified":"2025-06-21T19:57:39","modified_gmt":"2025-06-21T12:57:39","slug":"xe-dap-dien-tailg-js32","status":"publish","type":"product","link":"https:\/\/xediendungphung.com\/en\/product\/xe-dap-dien-tailg-js32\/","title":{"rendered":"Xe \u0111\u1ea1p \u0111i\u1ec7n TAILG JS32"},"content":{"rendered":"<p>Xe \u0111\u1ea1p \u0111i\u1ec7n TAILG JS32 \u0111\u01b0\u1ee3c thi\u1ebft k\u1ebf v\u1edbi phong c\u00e1ch nh\u00ed nh\u1ea3nh, d\u1ec5 th\u01b0\u01a1ng, ph\u00f9 h\u1ee3p v\u1edbi gu th\u1ea9m m\u1ef9 c\u1ee7a gi\u1edbi tr\u1ebb, \u0111\u1eb7c bi\u1ec7t l\u00e0 c\u00e1c b\u1ea1n h\u1ecdc sinh n\u1eef.<\/p>\n<p>&nbsp;<\/p>\n<p>Th\u00f4ng s\u1ed1 k\u1ef9 thu\u1eadt TAILG JS32<br \/>\nLo\u1ea1i xe: Xe \u0111\u1ea1p \u0111i\u1ec7n c\u00f3 b\u00e0n \u0111\u1ea1p<br \/>\n\u0110\u1ed9ng c\u01a1: 600W<br \/>\n\u1eaec quy: 4 b\u00ecnh 22Ah<br \/>\nT\u1ed1c \u0111\u1ed9 t\u1ed1i \u0111a: 37 km\/h<br \/>\nQu\u00e3ng \u0111\u01b0\u1eddng m\u1ed7i l\u1ea7n s\u1ea1c: L\u00ean \u0111\u1ebfn 100 km<br \/>\nTh\u1eddi gian s\u1ea1c: Kho\u1ea3ng 5\u20136 ti\u1ebfng v\u1edbi c\u00f4ng ngh\u1ec7 s\u1ea1c nhanh 4A<br \/>\nT\u1ea3i tr\u1ecdng t\u1ed1i \u0111a: 160 kg<br \/>\nPhanh: Phanh c\u01a1 ch\u1ed1ng b\u00f3 c\u1ee9ng<br \/>\nL\u1ed1p: Kh\u00f4ng s\u0103m<br \/>\nTi\u00eau chu\u1ea9n ch\u1ed1ng n\u01b0\u1edbc: IPX6<br \/>\nTr\u1ecdng l\u01b0\u1ee3ng xe: Kho\u1ea3ng 54 kg<br \/>\n\ud83c\udf1f T\u00ednh n\u0103ng n\u1ed5i b\u1eadt<br \/>\nThi\u1ebft k\u1ebf nh\u1ecf g\u1ecdn: Ph\u00f9 h\u1ee3p v\u1edbi v\u00f3c d\u00e1ng ng\u01b0\u1eddi Vi\u1ec7t, \u0111\u1eb7c bi\u1ec7t l\u00e0 h\u1ecdc sinh, sinh vi\u00ean.<br \/>\nM\u00e0u s\u1eafc \u0111a d\u1ea1ng: Nhi\u1ec1u l\u1ef1a ch\u1ecdn m\u00e0u s\u1eafc th\u1eddi trang, ph\u00f9 h\u1ee3p v\u1edbi nhi\u1ec1u phong c\u00e1ch.<br \/>\nTi\u1ec7n \u00edch: Trang b\u1ecb b\u00e0n \u0111\u1ea1p h\u1ed7 tr\u1ee3 khi h\u1ebft \u0111i\u1ec7n, \u0111\u00e8n LED chi\u1ebfu s\u00e1ng m\u1ea1nh m\u1ebd, y\u00ean xe \u00eam \u00e1i.<\/p>\n","protected":false},"excerpt":{"rendered":"<p>Xe \u0111\u1ea1p \u0111i\u1ec7n TAILG JS32 \u0111\u01b0\u1ee3c thi\u1ebft k\u1ebf v\u1edbi phong c\u00e1ch nh\u00ed nh\u1ea3nh, d\u1ec5 th\u01b0\u01a1ng, ph\u00f9 h\u1ee3p v\u1edbi gu th\u1ea9m m\u1ef9 c\u1ee7a gi\u1edbi tr\u1ebb, \u0111\u1eb7c bi\u1ec7t l\u00e0 c\u00e1c b\u1ea1n h\u1ecdc sinh n\u1eef. &nbsp; Th\u00f4ng s\u1ed1 k\u1ef9 thu\u1eadt TAILG JS32 Lo\u1ea1i xe: Xe \u0111\u1ea1p \u0111i\u1ec7n c\u00f3 b\u00e0n \u0111\u1ea1p \u0110\u1ed9ng c\u01a1: 600W \u1eaec quy: 4 b\u00ecnh 22Ah [&hellip;]<\/p>\n","protected":false},"featured_media":11639,"template":"","meta":{"_acf_changed":false},"product_cat":[183,31],"product_tag":[],"class_list":{"0":"post-11627","1":"product","2":"type-product","3":"status-publish","4":"has-post-thumbnail","6":"product_brand-tailg","7":"product_cat-xe-dien","8":"product_cat-xe-dien-co-ban-dap","10":"first","11":"instock","12":"shipping-taxable","13":"purchasable","14":"product-type-variable"},"acf":[],"_links":{"self":[{"href":"https:\/\/xediendungphung.com\/en\/wp-json\/wp\/v2\/product\/11627","targetHints":{"allow":["GET"]}}],"collection":[{"href":"https:\/\/xediendungphung.com\/en\/wp-json\/wp\/v2\/product"}],"about":[{"href":"https:\/\/xediendungphung.com\/en\/wp-json\/wp\/v2\/types\/product"}],"wp:featuredmedia":[{"embeddable":true,"href":"https:\/\/xediendungphung.com\/en\/wp-json\/wp\/v2\/media\/11639"}],"wp:attachment":[{"href":"https:\/\/xediendungphung.com\/en\/wp-json\/wp\/v2\/media?parent=11627"}],"wp:term":[{"taxonomy":"product_cat","embeddable":true,"href":"https:\/\/xediendungphung.com\/en\/wp-json\/wp\/v2\/product_cat?post=11627"},{"taxonomy":"product_tag","embeddable":true,"href":"https:\/\/xediendungphung.com\/en\/wp-json\/wp\/v2\/product_tag?post=11627"}],"curies":[{"name":"wp","href":"https:\/\/api.w.org\/{rel}","templated":true}]}}