
{"id":12000,"date":"2025-06-21T22:34:55","date_gmt":"2025-06-21T15:34:55","guid":{"rendered":"https:\/\/xediendungphung.com\/?post_type=product&#038;p=12000"},"modified":"2026-03-09T12:19:37","modified_gmt":"2026-03-09T05:19:37","slug":"jvc-zh","status":"publish","type":"product","link":"https:\/\/xediendungphung.com\/en\/product\/jvc-zh\/","title":{"rendered":"XE M\u00c1Y \u0110I\u1ec6N JVC ZH"},"content":{"rendered":"<p><strong>\u0110\u00c8N PHA LED BI C\u1ea6U SI\u00caU S\u00c1NG<\/strong> &#8211; <strong>C\u00d3 \u0110\u1ea6Y \u0110\u1ee6 CH\u1ebe \u0110\u1ed8 CHI\u1ebeU XA, G\u1ea6N<\/strong><\/p>\n<p><strong>\u0110\u1ed2NG H\u1ed2 C\u00d4NG NGH\u1ec6 LED NFC<\/strong> &#8211; <strong>K\u1ebeT N\u1ed0I BLUETOOTH V\u1edaI SMARTPHONE<\/strong><\/p>\n<p><strong>C\u1ed0P XE SI\u00caU R\u1ed8NG\u00a0<\/strong>&#8211; <strong>DUNG T\u00cdCH L\u00caN T\u1edaI 27 L\u00edt<\/strong><\/p>\n<p><strong>\u0110\u00c8N H\u1eacU FULL LED\u00a0<\/strong>&#8211; <strong>THI\u1ebeT K\u1ebe HI\u1ec6N \u0110\u1ea0I<\/strong><\/p>\n<p><strong>\u0110\u1ed8NG C\u01a0 M\u1ea0NH M\u1ebc<\/strong> &#8211; <strong>C\u00d4NG SU\u1ea4T L\u00caN T\u1edaI 2446W<\/strong><\/p>\n","protected":false},"excerpt":{"rendered":"<p>\u0110\u00c8N PHA LED BI C\u1ea6U SI\u00caU S\u00c1NG &#8211; C\u00d3 \u0110\u1ea6Y \u0110\u1ee6 CH\u1ebe \u0110\u1ed8 CHI\u1ebeU XA, G\u1ea6N \u0110\u1ed2NG H\u1ed2 C\u00d4NG NGH\u1ec6 LED NFC &#8211; K\u1ebeT N\u1ed0I BLUETOOTH V\u1edaI SMARTPHONE C\u1ed0P XE SI\u00caU R\u1ed8NG\u00a0&#8211; DUNG T\u00cdCH L\u00caN T\u1edaI 27 L\u00edt \u0110\u00c8N H\u1eacU FULL LED\u00a0&#8211; THI\u1ebeT K\u1ebe HI\u1ec6N \u0110\u1ea0I \u0110\u1ed8NG C\u01a0 M\u1ea0NH M\u1ebc &#8211; C\u00d4NG SU\u1ea4T L\u00caN T\u1edaI [&hellip;]<\/p>\n","protected":false},"featured_media":12062,"template":"","meta":{"_acf_changed":false},"product_cat":[183,48],"product_tag":[],"class_list":{"0":"post-12000","1":"product","2":"type-product","3":"status-publish","4":"has-post-thumbnail","6":"product_brand-jvc","7":"product_cat-xe-dien","8":"product_cat-xe-may-dien","10":"first","11":"instock","12":"shipping-taxable","13":"purchasable","14":"product-type-variable"},"acf":[],"_links":{"self":[{"href":"https:\/\/xediendungphung.com\/en\/wp-json\/wp\/v2\/product\/12000","targetHints":{"allow":["GET"]}}],"collection":[{"href":"https:\/\/xediendungphung.com\/en\/wp-json\/wp\/v2\/product"}],"about":[{"href":"https:\/\/xediendungphung.com\/en\/wp-json\/wp\/v2\/types\/product"}],"wp:featuredmedia":[{"embeddable":true,"href":"https:\/\/xediendungphung.com\/en\/wp-json\/wp\/v2\/media\/12062"}],"wp:attachment":[{"href":"https:\/\/xediendungphung.com\/en\/wp-json\/wp\/v2\/media?parent=12000"}],"wp:term":[{"taxonomy":"product_cat","embeddable":true,"href":"https:\/\/xediendungphung.com\/en\/wp-json\/wp\/v2\/product_cat?post=12000"},{"taxonomy":"product_tag","embeddable":true,"href":"https:\/\/xediendungphung.com\/en\/wp-json\/wp\/v2\/product_tag?post=12000"}],"curies":[{"name":"wp","href":"https:\/\/api.w.org\/{rel}","templated":true}]}}